{"id":10,"date":"2023-04-15T10:25:43","date_gmt":"2023-04-15T13:25:43","guid":{"rendered":"https:\/\/fundacionicolas.org\/?page_id=10"},"modified":"2023-04-16T07:35:29","modified_gmt":"2023-04-16T10:35:29","slug":"inicio","status":"publish","type":"page","link":"https:\/\/fundacionicolas.org\/","title":{"rendered":"FUNDACI\u00d3N NICOL\u00c1S"},"content":{"rendered":"\n<p>Fundaci\u00f3n Nicol\u00e1s se crea con el objetivo de ofrecer apoyo y conocimiento relevante y pr\u00e1ctico para familias que est\u00e1n transitando la muerte de una hija o un hijo durante el embarazo o al nacer.<\/p>\n\n\n\n<p class=\"has-black-color has-text-color\"><strong><a href=\"https:\/\/fundacionicolas.org\/?page_id=21\" title=\"\">Sigue leyendo<\/a><\/strong><\/p>\n","protected":false},"excerpt":{"rendered":"<p>Fundaci\u00f3n Nicol\u00e1s se crea con el objetivo de ofrecer apoyo y conocimiento relevante y pr\u00e1ctico para familias que est\u00e1n transitando la muerte de una hija o un hijo durante el embarazo o al nacer. Sigue leyendo<\/p>\n","protected":false},"author":2,"featured_media":0,"parent":0,"menu_order":0,"comment_status":"closed","ping_status":"closed","template":"","meta":{"om_disable_all_campaigns":false,"_monsterinsights_skip_tracking":false,"_monsterinsights_sitenote_active":false,"_monsterinsights_sitenote_note":"","_monsterinsights_sitenote_category":0,"footnotes":""},"aioseo_notices":[],"_links":{"self":[{"href":"https:\/\/fundacionicolas.org\/index.php?rest_route=\/wp\/v2\/pages\/10"}],"collection":[{"href":"https:\/\/fundacionicolas.org\/index.php?rest_route=\/wp\/v2\/pages"}],"about":[{"href":"https:\/\/fundacionicolas.org\/index.php?rest_route=\/wp\/v2\/types\/page"}],"author":[{"embeddable":true,"href":"https:\/\/fundacionicolas.org\/index.php?rest_route=\/wp\/v2\/users\/2"}],"replies":[{"embeddable":true,"href":"https:\/\/fundacionicolas.org\/index.php?rest_route=%2Fwp%2Fv2%2Fcomments&post=10"}],"version-history":[{"count":10,"href":"https:\/\/fundacionicolas.org\/index.php?rest_route=\/wp\/v2\/pages\/10\/revisions"}],"predecessor-version":[{"id":717,"href":"https:\/\/fundacionicolas.org\/index.php?rest_route=\/wp\/v2\/pages\/10\/revisions\/717"}],"wp:attachment":[{"href":"https:\/\/fundacionicolas.org\/index.php?rest_route=%2Fwp%2Fv2%2Fmedia&parent=10"}],"curies":[{"name":"wp","href":"https:\/\/api.w.org\/{rel}","templated":true}]}}