{"id":11,"date":"2023-04-15T10:25:43","date_gmt":"2023-04-15T13:25:43","guid":{"rendered":"https:\/\/fundacionicolas.org\/?page_id=11"},"modified":"2023-04-15T13:49:40","modified_gmt":"2023-04-15T16:49:40","slug":"acerca-de","status":"publish","type":"page","link":"https:\/\/fundacionicolas.org\/?page_id=11","title":{"rendered":"LA FUNDACI\u00d3N"},"content":{"rendered":"\n<div class=\"wp-block-media-text alignwide is-stacked-on-mobile\" style=\"grid-template-columns:33% auto\"><figure class=\"wp-block-media-text__media\"><a href=\"https:\/\/fundacionicolas.org\/?page_id=21\"><img loading=\"lazy\" decoding=\"async\" width=\"940\" height=\"1024\" src=\"https:\/\/fundacionicolas.org\/wp-content\/uploads\/2023\/04\/Logo-Fundacion-Nicolas-1-940x1024.png\" alt=\"\" class=\"wp-image-65 size-full\" srcset=\"https:\/\/fundacionicolas.org\/wp-content\/uploads\/2023\/04\/Logo-Fundacion-Nicolas-1-940x1024.png 940w, https:\/\/fundacionicolas.org\/wp-content\/uploads\/2023\/04\/Logo-Fundacion-Nicolas-1-350x381.png 350w, https:\/\/fundacionicolas.org\/wp-content\/uploads\/2023\/04\/Logo-Fundacion-Nicolas-1-275x300.png 275w, https:\/\/fundacionicolas.org\/wp-content\/uploads\/2023\/04\/Logo-Fundacion-Nicolas-1-768x837.png 768w, https:\/\/fundacionicolas.org\/wp-content\/uploads\/2023\/04\/Logo-Fundacion-Nicolas-1-1410x1536.png 1410w, https:\/\/fundacionicolas.org\/wp-content\/uploads\/2023\/04\/Logo-Fundacion-Nicolas-1-1880x2048.png 1880w, https:\/\/fundacionicolas.org\/wp-content\/uploads\/2023\/04\/Logo-Fundacion-Nicolas-1.png 1972w\" sizes=\"(max-width: 767px) 89vw, (max-width: 1000px) 54vw, (max-width: 1071px) 543px, 580px\" \/><\/a><\/figure><div class=\"wp-block-media-text__content\">\n<h2 class=\"wp-block-heading\"><strong><a href=\"https:\/\/fundacionicolas.org\/?page_id=21\">\u00bfQui\u00e9nes somos?<\/a><\/strong><\/h2>\n\n\n\n<p>Conoce m\u00e1s acerca de la Fundaci\u00f3n Nicol\u00e1s y cu\u00e1l es nuestra misi\u00f3n, visi\u00f3n y valores.<\/p>\n<\/div><\/div>\n\n\n\n<hr class=\"wp-block-separator has-alpha-channel-opacity\"\/>\n\n\n\n<div class=\"wp-block-media-text alignwide is-stacked-on-mobile\" style=\"grid-template-columns:33% auto\"><figure class=\"wp-block-media-text__media\"><a href=\"https:\/\/fundacionicolas.org\/?page_id=22\"><img loading=\"lazy\" decoding=\"async\" width=\"1024\" height=\"1024\" src=\"http:\/\/fundacionicolas.org\/wp-content\/uploads\/2023\/04\/Teffy-1024x1024.jpeg\" alt=\"\" class=\"wp-image-67 size-full\" srcset=\"https:\/\/fundacionicolas.org\/wp-content\/uploads\/2023\/04\/Teffy-1024x1024.jpeg 1024w, https:\/\/fundacionicolas.org\/wp-content\/uploads\/2023\/04\/Teffy-250x250.jpeg 250w, https:\/\/fundacionicolas.org\/wp-content\/uploads\/2023\/04\/Teffy-100x100.jpeg 100w, https:\/\/fundacionicolas.org\/wp-content\/uploads\/2023\/04\/Teffy-350x350.jpeg 350w, https:\/\/fundacionicolas.org\/wp-content\/uploads\/2023\/04\/Teffy-300x300.jpeg 300w, https:\/\/fundacionicolas.org\/wp-content\/uploads\/2023\/04\/Teffy-150x150.jpeg 150w, https:\/\/fundacionicolas.org\/wp-content\/uploads\/2023\/04\/Teffy-768x768.jpeg 768w, https:\/\/fundacionicolas.org\/wp-content\/uploads\/2023\/04\/Teffy.jpeg 1080w\" sizes=\"(max-width: 767px) 89vw, (max-width: 1000px) 54vw, (max-width: 1071px) 543px, 580px\" \/><\/a><\/figure><div class=\"wp-block-media-text__content\">\n<h2 class=\"wp-block-heading\"><strong><a href=\"https:\/\/fundacionicolas.org\/?page_id=22\">Nuestra historia&#8230;<\/a><\/strong><\/h2>\n\n\n\n<p> Nada hubiera sido lo mismo si no estuvi\u00e9ramos juntos en esto&#8230;<\/p>\n<\/div><\/div>\n","protected":false},"excerpt":{"rendered":"<p>\u00bfQui\u00e9nes somos? Conoce m\u00e1s acerca de la Fundaci\u00f3n Nicol\u00e1s y cu\u00e1l es nuestra misi\u00f3n, visi\u00f3n y valores. Nuestra historia&#8230; Nada hubiera sido lo mismo si no estuvi\u00e9ramos juntos en esto&#8230;<\/p>\n","protected":false},"author":2,"featured_media":0,"parent":0,"menu_order":0,"comment_status":"closed","ping_status":"closed","template":"","meta":{"om_disable_all_campaigns":false,"_monsterinsights_skip_tracking":false,"_monsterinsights_sitenote_active":false,"_monsterinsights_sitenote_note":"","_monsterinsights_sitenote_category":0,"footnotes":""},"aioseo_notices":[],"_links":{"self":[{"href":"https:\/\/fundacionicolas.org\/index.php?rest_route=\/wp\/v2\/pages\/11"}],"collection":[{"href":"https:\/\/fundacionicolas.org\/index.php?rest_route=\/wp\/v2\/pages"}],"about":[{"href":"https:\/\/fundacionicolas.org\/index.php?rest_route=\/wp\/v2\/types\/page"}],"author":[{"embeddable":true,"href":"https:\/\/fundacionicolas.org\/index.php?rest_route=\/wp\/v2\/users\/2"}],"replies":[{"embeddable":true,"href":"https:\/\/fundacionicolas.org\/index.php?rest_route=%2Fwp%2Fv2%2Fcomments&post=11"}],"version-history":[{"count":9,"href":"https:\/\/fundacionicolas.org\/index.php?rest_route=\/wp\/v2\/pages\/11\/revisions"}],"predecessor-version":[{"id":722,"href":"https:\/\/fundacionicolas.org\/index.php?rest_route=\/wp\/v2\/pages\/11\/revisions\/722"}],"wp:attachment":[{"href":"https:\/\/fundacionicolas.org\/index.php?rest_route=%2Fwp%2Fv2%2Fmedia&parent=11"}],"curies":[{"name":"wp","href":"https:\/\/api.w.org\/{rel}","templated":true}]}}