{"id":1144,"date":"2025-01-14T14:30:52","date_gmt":"2025-01-14T17:30:52","guid":{"rendered":"https:\/\/fundacionicolas.org\/?page_id=1144"},"modified":"2025-01-14T14:45:07","modified_gmt":"2025-01-14T17:45:07","slug":"hospital-delfina-torres-de-concha-esmeraldas","status":"publish","type":"page","link":"https:\/\/fundacionicolas.org\/?page_id=1144","title":{"rendered":"Hospital Delfina Torres de Concha &#8211; Esmeraldas"},"content":{"rendered":"\n<figure class=\"wp-block-image size-large\"><img loading=\"lazy\" decoding=\"async\" width=\"1024\" height=\"461\" src=\"https:\/\/fundacionicolas.org\/wp-content\/uploads\/2025\/01\/WhatsApp-Image-2024-12-23-at-14.21.08-1024x461.jpeg\" alt=\"\" class=\"wp-image-1149\" srcset=\"https:\/\/fundacionicolas.org\/wp-content\/uploads\/2025\/01\/WhatsApp-Image-2024-12-23-at-14.21.08-1024x461.jpeg 1024w, https:\/\/fundacionicolas.org\/wp-content\/uploads\/2025\/01\/WhatsApp-Image-2024-12-23-at-14.21.08-300x135.jpeg 300w, https:\/\/fundacionicolas.org\/wp-content\/uploads\/2025\/01\/WhatsApp-Image-2024-12-23-at-14.21.08-768x346.jpeg 768w, https:\/\/fundacionicolas.org\/wp-content\/uploads\/2025\/01\/WhatsApp-Image-2024-12-23-at-14.21.08-350x158.jpeg 350w, https:\/\/fundacionicolas.org\/wp-content\/uploads\/2025\/01\/WhatsApp-Image-2024-12-23-at-14.21.08.jpeg 1160w\" sizes=\"(max-width: 767px) 89vw, (max-width: 1000px) 54vw, (max-width: 1071px) 543px, 580px\" \/><\/figure>\n\n\n\n<p>El pasado 20 de Diciembre del 2024, en la ciudad de Esmeraldas, se inaugur\u00f3 el C\u00f3digo Mariposa en el Hospital Delfina Torres de Concha. <\/p>\n\n\n\n<div class=\"wp-block-media-text is-stacked-on-mobile\"><figure class=\"wp-block-media-text__media\"><img loading=\"lazy\" decoding=\"async\" width=\"1024\" height=\"768\" src=\"https:\/\/fundacionicolas.org\/wp-content\/uploads\/2025\/01\/WhatsApp-Image-2024-12-23-at-12.17.49-1024x768.jpeg\" alt=\"\" class=\"wp-image-1150 size-full\" srcset=\"https:\/\/fundacionicolas.org\/wp-content\/uploads\/2025\/01\/WhatsApp-Image-2024-12-23-at-12.17.49-1024x768.jpeg 1024w, https:\/\/fundacionicolas.org\/wp-content\/uploads\/2025\/01\/WhatsApp-Image-2024-12-23-at-12.17.49-300x225.jpeg 300w, https:\/\/fundacionicolas.org\/wp-content\/uploads\/2025\/01\/WhatsApp-Image-2024-12-23-at-12.17.49-768x576.jpeg 768w, https:\/\/fundacionicolas.org\/wp-content\/uploads\/2025\/01\/WhatsApp-Image-2024-12-23-at-12.17.49-1536x1152.jpeg 1536w, https:\/\/fundacionicolas.org\/wp-content\/uploads\/2025\/01\/WhatsApp-Image-2024-12-23-at-12.17.49-350x263.jpeg 350w, https:\/\/fundacionicolas.org\/wp-content\/uploads\/2025\/01\/WhatsApp-Image-2024-12-23-at-12.17.49.jpeg 1600w\" sizes=\"(max-width: 767px) 89vw, (max-width: 1000px) 54vw, (max-width: 1071px) 543px, 580px\" \/><\/figure><div class=\"wp-block-media-text__content\">\n<p>Como Fundaci\u00f3n Nicol\u00e1s, formamos parte de las capacitaciones al personal m\u00e9dico y de guiar en la implementaci\u00f3n de la Sala Mariposa. <\/p>\n\n\n\n<p><\/p>\n<\/div><\/div>\n\n\n\n<figure class=\"wp-block-image size-large is-resized\"><img loading=\"lazy\" decoding=\"async\" width=\"1024\" height=\"768\" src=\"https:\/\/fundacionicolas.org\/wp-content\/uploads\/2025\/01\/WhatsApp-Image-2024-12-23-at-12.17.48-2-1024x768.jpeg\" alt=\"\" class=\"wp-image-1151\" style=\"width:674px;height:auto\" srcset=\"https:\/\/fundacionicolas.org\/wp-content\/uploads\/2025\/01\/WhatsApp-Image-2024-12-23-at-12.17.48-2-1024x768.jpeg 1024w, https:\/\/fundacionicolas.org\/wp-content\/uploads\/2025\/01\/WhatsApp-Image-2024-12-23-at-12.17.48-2-300x225.jpeg 300w, https:\/\/fundacionicolas.org\/wp-content\/uploads\/2025\/01\/WhatsApp-Image-2024-12-23-at-12.17.48-2-768x576.jpeg 768w, https:\/\/fundacionicolas.org\/wp-content\/uploads\/2025\/01\/WhatsApp-Image-2024-12-23-at-12.17.48-2-1536x1152.jpeg 1536w, https:\/\/fundacionicolas.org\/wp-content\/uploads\/2025\/01\/WhatsApp-Image-2024-12-23-at-12.17.48-2-350x263.jpeg 350w, https:\/\/fundacionicolas.org\/wp-content\/uploads\/2025\/01\/WhatsApp-Image-2024-12-23-at-12.17.48-2.jpeg 1600w\" sizes=\"(max-width: 767px) 89vw, (max-width: 1000px) 54vw, (max-width: 1071px) 543px, 580px\" \/><\/figure>\n\n\n\n<div class=\"wp-block-media-text is-stacked-on-mobile\"><figure class=\"wp-block-media-text__media\"><img loading=\"lazy\" decoding=\"async\" width=\"1024\" height=\"461\" src=\"https:\/\/fundacionicolas.org\/wp-content\/uploads\/2025\/01\/WhatsApp-Image-2024-12-23-at-14.21.09-1-1024x461.jpeg\" alt=\"\" class=\"wp-image-1152 size-full\" srcset=\"https:\/\/fundacionicolas.org\/wp-content\/uploads\/2025\/01\/WhatsApp-Image-2024-12-23-at-14.21.09-1-1024x461.jpeg 1024w, https:\/\/fundacionicolas.org\/wp-content\/uploads\/2025\/01\/WhatsApp-Image-2024-12-23-at-14.21.09-1-300x135.jpeg 300w, https:\/\/fundacionicolas.org\/wp-content\/uploads\/2025\/01\/WhatsApp-Image-2024-12-23-at-14.21.09-1-768x346.jpeg 768w, https:\/\/fundacionicolas.org\/wp-content\/uploads\/2025\/01\/WhatsApp-Image-2024-12-23-at-14.21.09-1-350x158.jpeg 350w, https:\/\/fundacionicolas.org\/wp-content\/uploads\/2025\/01\/WhatsApp-Image-2024-12-23-at-14.21.09-1.jpeg 1160w\" sizes=\"(max-width: 767px) 89vw, (max-width: 1000px) 54vw, (max-width: 1071px) 543px, 580px\" \/><\/figure><div class=\"wp-block-media-text__content\">\n<p>Comprometidos con la Salud Mental de las madres de Esmeraldas, para brindarles una atenci\u00f3n digna en estos momentos tan dif\u00edciles como lo es la p\u00e9rdida de un beb\u00e9. <\/p>\n\n\n\n<p><\/p>\n<\/div><\/div>\n","protected":false},"excerpt":{"rendered":"<p>El pasado 20 de Diciembre del 2024, en la ciudad de Esmeraldas, se inaugur\u00f3 el C\u00f3digo Mariposa en el Hospital Delfina Torres de Concha. Como Fundaci\u00f3n Nicol\u00e1s, formamos parte de las capacitaciones al personal m\u00e9dico y de guiar en la implementaci\u00f3n de la Sala Mariposa. Comprometidos con la Salud Mental de las madres de Esmeraldas, &hellip; <\/p>\n<p class=\"link-more\"><a href=\"https:\/\/fundacionicolas.org\/?page_id=1144\" class=\"more-link\">Continuar leyendo<span class=\"screen-reader-text\"> \u00abHospital Delfina Torres de Concha &#8211; Esmeraldas\u00bb<\/span><\/a><\/p>\n","protected":false},"author":2,"featured_media":0,"parent":0,"menu_order":0,"comment_status":"closed","ping_status":"closed","template":"","meta":{"om_disable_all_campaigns":false,"_monsterinsights_skip_tracking":false,"_monsterinsights_sitenote_active":false,"_monsterinsights_sitenote_note":"","_monsterinsights_sitenote_category":0,"footnotes":""},"aioseo_notices":[],"_links":{"self":[{"href":"https:\/\/fundacionicolas.org\/index.php?rest_route=\/wp\/v2\/pages\/1144"}],"collection":[{"href":"https:\/\/fundacionicolas.org\/index.php?rest_route=\/wp\/v2\/pages"}],"about":[{"href":"https:\/\/fundacionicolas.org\/index.php?rest_route=\/wp\/v2\/types\/page"}],"author":[{"embeddable":true,"href":"https:\/\/fundacionicolas.org\/index.php?rest_route=\/wp\/v2\/users\/2"}],"replies":[{"embeddable":true,"href":"https:\/\/fundacionicolas.org\/index.php?rest_route=%2Fwp%2Fv2%2Fcomments&post=1144"}],"version-history":[{"count":2,"href":"https:\/\/fundacionicolas.org\/index.php?rest_route=\/wp\/v2\/pages\/1144\/revisions"}],"predecessor-version":[{"id":1153,"href":"https:\/\/fundacionicolas.org\/index.php?rest_route=\/wp\/v2\/pages\/1144\/revisions\/1153"}],"wp:attachment":[{"href":"https:\/\/fundacionicolas.org\/index.php?rest_route=%2Fwp%2Fv2%2Fmedia&parent=1144"}],"curies":[{"name":"wp","href":"https:\/\/api.w.org\/{rel}","templated":true}]}}