{"id":1154,"date":"2025-01-14T14:52:44","date_gmt":"2025-01-14T17:52:44","guid":{"rendered":"https:\/\/fundacionicolas.org\/?page_id=1154"},"modified":"2025-02-17T14:34:27","modified_gmt":"2025-02-17T17:34:27","slug":"ola-de-luz-2024","status":"publish","type":"page","link":"https:\/\/fundacionicolas.org\/?page_id=1154","title":{"rendered":"Ola de Luz 2024"},"content":{"rendered":"\n<p><strong>Ola de Luz 2024: Conmemorando el D\u00eda del Duelo Gestacional, Perinatal y Neonatal<\/strong><\/p>\n\n\n\n<p>Este 15 de octubre, nos unimos para iluminar corazones en Quito y Cuenca, recordando a los beb\u00e9s que viven para siempre en nuestra memoria<\/p>\n\n\n\n<h3 class=\"wp-block-heading\"><strong>Eventos en Quito<\/strong><\/h3>\n\n\n\n<figure class=\"wp-block-image size-large\"><img loading=\"lazy\" decoding=\"async\" width=\"1024\" height=\"609\" src=\"https:\/\/fundacionicolas.org\/wp-content\/uploads\/2025\/01\/Captura-de-pantalla-2024-10-17-a-las-12.48.37\u202fp.-m-1024x609.png\" alt=\"\" class=\"wp-image-1171\" srcset=\"https:\/\/fundacionicolas.org\/wp-content\/uploads\/2025\/01\/Captura-de-pantalla-2024-10-17-a-las-12.48.37\u202fp.-m-1024x609.png 1024w, https:\/\/fundacionicolas.org\/wp-content\/uploads\/2025\/01\/Captura-de-pantalla-2024-10-17-a-las-12.48.37\u202fp.-m-300x179.png 300w, https:\/\/fundacionicolas.org\/wp-content\/uploads\/2025\/01\/Captura-de-pantalla-2024-10-17-a-las-12.48.37\u202fp.-m-768x457.png 768w, https:\/\/fundacionicolas.org\/wp-content\/uploads\/2025\/01\/Captura-de-pantalla-2024-10-17-a-las-12.48.37\u202fp.-m-1536x914.png 1536w, https:\/\/fundacionicolas.org\/wp-content\/uploads\/2025\/01\/Captura-de-pantalla-2024-10-17-a-las-12.48.37\u202fp.-m-2048x1219.png 2048w, https:\/\/fundacionicolas.org\/wp-content\/uploads\/2025\/01\/Captura-de-pantalla-2024-10-17-a-las-12.48.37\u202fp.-m-350x208.png 350w\" sizes=\"(max-width: 767px) 89vw, (max-width: 1000px) 54vw, (max-width: 1071px) 543px, 580px\" \/><\/figure>\n\n\n\n<h3 class=\"wp-block-heading\"><strong>Iluminaci\u00f3n en la Cl\u00ednica de la Mujer y la Familia<\/strong><br>Cl\u00ednica de la Mujer y la Familia se uni\u00f3 a la Ola de Luz el a\u00f1o 2024 iluminando el exterior de sus instalaciones. Este acto simb\u00f3lico cont\u00f3 con la presencia de su gerente Ing. Esteban Morocho, su director m\u00e9dico Dr. Fernando Carrillo, doctores como el Dr. C\u00e9sar Carrillo, enfermeras, personal de la cl\u00ednica y, especialmente, madres y padres que han enfrentado esta p\u00e9rdida con valent\u00eda. A los cuales agradecemos infinitamente.<\/h3>\n\n\n\n<figure class=\"wp-block-image size-large is-resized\"><img loading=\"lazy\" decoding=\"async\" width=\"689\" height=\"1024\" src=\"https:\/\/fundacionicolas.org\/wp-content\/uploads\/2025\/01\/FACHADA-CM-CODIGO--689x1024.jpg\" alt=\"\" class=\"wp-image-1159\" style=\"width:669px;height:auto\" srcset=\"https:\/\/fundacionicolas.org\/wp-content\/uploads\/2025\/01\/FACHADA-CM-CODIGO--689x1024.jpg 689w, https:\/\/fundacionicolas.org\/wp-content\/uploads\/2025\/01\/FACHADA-CM-CODIGO--202x300.jpg 202w, https:\/\/fundacionicolas.org\/wp-content\/uploads\/2025\/01\/FACHADA-CM-CODIGO--768x1142.jpg 768w, https:\/\/fundacionicolas.org\/wp-content\/uploads\/2025\/01\/FACHADA-CM-CODIGO--1033x1536.jpg 1033w, https:\/\/fundacionicolas.org\/wp-content\/uploads\/2025\/01\/FACHADA-CM-CODIGO--1377x2048.jpg 1377w, https:\/\/fundacionicolas.org\/wp-content\/uploads\/2025\/01\/FACHADA-CM-CODIGO--350x520.jpg 350w, https:\/\/fundacionicolas.org\/wp-content\/uploads\/2025\/01\/FACHADA-CM-CODIGO--scaled.jpg 1722w\" sizes=\"(max-width: 689px) 100vw, 689px\" \/><\/figure>\n\n\n\n<div class=\"wp-block-media-text is-stacked-on-mobile\"><figure class=\"wp-block-media-text__media\"><img loading=\"lazy\" decoding=\"async\" width=\"1024\" height=\"576\" src=\"https:\/\/fundacionicolas.org\/wp-content\/uploads\/2025\/01\/FOTO-GRUPAL--1024x576.jpg\" alt=\"\" class=\"wp-image-1160 size-full\" srcset=\"https:\/\/fundacionicolas.org\/wp-content\/uploads\/2025\/01\/FOTO-GRUPAL--1024x576.jpg 1024w, https:\/\/fundacionicolas.org\/wp-content\/uploads\/2025\/01\/FOTO-GRUPAL--300x169.jpg 300w, https:\/\/fundacionicolas.org\/wp-content\/uploads\/2025\/01\/FOTO-GRUPAL--768x432.jpg 768w, https:\/\/fundacionicolas.org\/wp-content\/uploads\/2025\/01\/FOTO-GRUPAL--1536x864.jpg 1536w, https:\/\/fundacionicolas.org\/wp-content\/uploads\/2025\/01\/FOTO-GRUPAL--2048x1152.jpg 2048w, https:\/\/fundacionicolas.org\/wp-content\/uploads\/2025\/01\/FOTO-GRUPAL--350x197.jpg 350w\" sizes=\"(max-width: 767px) 89vw, (max-width: 1000px) 54vw, (max-width: 1071px) 543px, 580px\" \/><\/figure><div class=\"wp-block-media-text__content\">\n<p><\/p>\n\n\n\n<figure class=\"wp-block-image size-large\"><img loading=\"lazy\" decoding=\"async\" width=\"1024\" height=\"683\" src=\"https:\/\/fundacionicolas.org\/wp-content\/uploads\/2025\/01\/IMG_3522-1024x683.jpg\" alt=\"\" class=\"wp-image-1174\" srcset=\"https:\/\/fundacionicolas.org\/wp-content\/uploads\/2025\/01\/IMG_3522-1024x683.jpg 1024w, https:\/\/fundacionicolas.org\/wp-content\/uploads\/2025\/01\/IMG_3522-300x200.jpg 300w, https:\/\/fundacionicolas.org\/wp-content\/uploads\/2025\/01\/IMG_3522-768x512.jpg 768w, https:\/\/fundacionicolas.org\/wp-content\/uploads\/2025\/01\/IMG_3522-1536x1024.jpg 1536w, https:\/\/fundacionicolas.org\/wp-content\/uploads\/2025\/01\/IMG_3522-2048x1365.jpg 2048w, https:\/\/fundacionicolas.org\/wp-content\/uploads\/2025\/01\/IMG_3522-350x233.jpg 350w\" sizes=\"(max-width: 767px) 89vw, (max-width: 1000px) 54vw, (max-width: 1071px) 543px, 580px\" \/><\/figure>\n<\/div><\/div>\n\n\n\n<div class=\"wp-block-media-text is-stacked-on-mobile\"><figure class=\"wp-block-media-text__media\"><img loading=\"lazy\" decoding=\"async\" width=\"1024\" height=\"642\" src=\"https:\/\/fundacionicolas.org\/wp-content\/uploads\/2025\/01\/Captura-de-pantalla-2024-10-17-a-las-2.30.39\u202fp.-m-1024x642.png\" alt=\"\" class=\"wp-image-1168 size-full\" srcset=\"https:\/\/fundacionicolas.org\/wp-content\/uploads\/2025\/01\/Captura-de-pantalla-2024-10-17-a-las-2.30.39\u202fp.-m-1024x642.png 1024w, https:\/\/fundacionicolas.org\/wp-content\/uploads\/2025\/01\/Captura-de-pantalla-2024-10-17-a-las-2.30.39\u202fp.-m-300x188.png 300w, https:\/\/fundacionicolas.org\/wp-content\/uploads\/2025\/01\/Captura-de-pantalla-2024-10-17-a-las-2.30.39\u202fp.-m-768x481.png 768w, https:\/\/fundacionicolas.org\/wp-content\/uploads\/2025\/01\/Captura-de-pantalla-2024-10-17-a-las-2.30.39\u202fp.-m-1536x963.png 1536w, https:\/\/fundacionicolas.org\/wp-content\/uploads\/2025\/01\/Captura-de-pantalla-2024-10-17-a-las-2.30.39\u202fp.-m-2048x1283.png 2048w, https:\/\/fundacionicolas.org\/wp-content\/uploads\/2025\/01\/Captura-de-pantalla-2024-10-17-a-las-2.30.39\u202fp.-m-350x219.png 350w\" sizes=\"(max-width: 767px) 89vw, (max-width: 1000px) 54vw, (max-width: 1071px) 543px, 580px\" \/><\/figure><div class=\"wp-block-media-text__content\">\n<p><\/p>\n\n\n\n<figure class=\"wp-block-image size-large\"><img loading=\"lazy\" decoding=\"async\" width=\"1024\" height=\"655\" src=\"https:\/\/fundacionicolas.org\/wp-content\/uploads\/2025\/01\/Captura-de-pantalla-2024-10-17-a-las-2.33.56\u202fp.-m-1024x655.png\" alt=\"\" class=\"wp-image-1170\" srcset=\"https:\/\/fundacionicolas.org\/wp-content\/uploads\/2025\/01\/Captura-de-pantalla-2024-10-17-a-las-2.33.56\u202fp.-m-1024x655.png 1024w, https:\/\/fundacionicolas.org\/wp-content\/uploads\/2025\/01\/Captura-de-pantalla-2024-10-17-a-las-2.33.56\u202fp.-m-300x192.png 300w, https:\/\/fundacionicolas.org\/wp-content\/uploads\/2025\/01\/Captura-de-pantalla-2024-10-17-a-las-2.33.56\u202fp.-m-768x491.png 768w, https:\/\/fundacionicolas.org\/wp-content\/uploads\/2025\/01\/Captura-de-pantalla-2024-10-17-a-las-2.33.56\u202fp.-m-1536x983.png 1536w, https:\/\/fundacionicolas.org\/wp-content\/uploads\/2025\/01\/Captura-de-pantalla-2024-10-17-a-las-2.33.56\u202fp.-m-2048x1310.png 2048w, https:\/\/fundacionicolas.org\/wp-content\/uploads\/2025\/01\/Captura-de-pantalla-2024-10-17-a-las-2.33.56\u202fp.-m-350x224.png 350w\" sizes=\"(max-width: 767px) 89vw, (max-width: 1000px) 54vw, (max-width: 1071px) 543px, 580px\" \/><\/figure>\n<\/div><\/div>\n\n\n\n<figure class=\"wp-block-image size-large\"><img loading=\"lazy\" decoding=\"async\" width=\"1024\" height=\"683\" src=\"https:\/\/fundacionicolas.org\/wp-content\/uploads\/2025\/01\/IMG_3565-1024x683.jpg\" alt=\"\" class=\"wp-image-1172\" srcset=\"https:\/\/fundacionicolas.org\/wp-content\/uploads\/2025\/01\/IMG_3565-1024x683.jpg 1024w, https:\/\/fundacionicolas.org\/wp-content\/uploads\/2025\/01\/IMG_3565-300x200.jpg 300w, https:\/\/fundacionicolas.org\/wp-content\/uploads\/2025\/01\/IMG_3565-768x512.jpg 768w, https:\/\/fundacionicolas.org\/wp-content\/uploads\/2025\/01\/IMG_3565-1536x1024.jpg 1536w, https:\/\/fundacionicolas.org\/wp-content\/uploads\/2025\/01\/IMG_3565-2048x1365.jpg 2048w, https:\/\/fundacionicolas.org\/wp-content\/uploads\/2025\/01\/IMG_3565-350x233.jpg 350w\" sizes=\"(max-width: 767px) 89vw, (max-width: 1000px) 54vw, (max-width: 1071px) 543px, 580px\" \/><\/figure>\n\n\n\n<figure class=\"wp-block-image size-large\"><img loading=\"lazy\" decoding=\"async\" width=\"1024\" height=\"618\" src=\"https:\/\/fundacionicolas.org\/wp-content\/uploads\/2025\/01\/Captura-de-pantalla-2024-10-17-a-las-2.24.49\u202fp.-m-1024x618.png\" alt=\"\" class=\"wp-image-1175\" srcset=\"https:\/\/fundacionicolas.org\/wp-content\/uploads\/2025\/01\/Captura-de-pantalla-2024-10-17-a-las-2.24.49\u202fp.-m-1024x618.png 1024w, https:\/\/fundacionicolas.org\/wp-content\/uploads\/2025\/01\/Captura-de-pantalla-2024-10-17-a-las-2.24.49\u202fp.-m-300x181.png 300w, https:\/\/fundacionicolas.org\/wp-content\/uploads\/2025\/01\/Captura-de-pantalla-2024-10-17-a-las-2.24.49\u202fp.-m-768x464.png 768w, https:\/\/fundacionicolas.org\/wp-content\/uploads\/2025\/01\/Captura-de-pantalla-2024-10-17-a-las-2.24.49\u202fp.-m-1536x928.png 1536w, https:\/\/fundacionicolas.org\/wp-content\/uploads\/2025\/01\/Captura-de-pantalla-2024-10-17-a-las-2.24.49\u202fp.-m-2048x1237.png 2048w, https:\/\/fundacionicolas.org\/wp-content\/uploads\/2025\/01\/Captura-de-pantalla-2024-10-17-a-las-2.24.49\u202fp.-m-350x211.png 350w\" sizes=\"(max-width: 767px) 89vw, (max-width: 1000px) 54vw, (max-width: 1071px) 543px, 580px\" \/><\/figure>\n\n\n\n<p><strong>Pedalea con el Coraz\u00f3n<\/strong><br>Un evento p\u00fablico, que junto a la  Cl\u00ednica de la Mujer y la familia se realiz\u00f3, conto con todo el apoyo de la polic\u00eda de transito, un evento lleno de emoci\u00f3n donde ciclistas recorrieron la ruta desde la Cl\u00ednica de la Mujer y la Familia hasta el emblem\u00e1tico Arco del Parque El Ejido.<\/p>\n\n\n\n<figure class=\"wp-block-image size-large\"><img loading=\"lazy\" decoding=\"async\" width=\"1024\" height=\"576\" src=\"https:\/\/fundacionicolas.org\/wp-content\/uploads\/2025\/01\/ARCO--1024x576.jpg\" alt=\"\" class=\"wp-image-1162\" srcset=\"https:\/\/fundacionicolas.org\/wp-content\/uploads\/2025\/01\/ARCO--1024x576.jpg 1024w, https:\/\/fundacionicolas.org\/wp-content\/uploads\/2025\/01\/ARCO--300x169.jpg 300w, https:\/\/fundacionicolas.org\/wp-content\/uploads\/2025\/01\/ARCO--768x432.jpg 768w, https:\/\/fundacionicolas.org\/wp-content\/uploads\/2025\/01\/ARCO--1536x864.jpg 1536w, https:\/\/fundacionicolas.org\/wp-content\/uploads\/2025\/01\/ARCO--2048x1152.jpg 2048w, https:\/\/fundacionicolas.org\/wp-content\/uploads\/2025\/01\/ARCO--350x197.jpg 350w\" sizes=\"(max-width: 767px) 89vw, (max-width: 1000px) 54vw, (max-width: 1071px) 543px, 580px\" \/><\/figure>\n\n\n\n<div class=\"wp-block-media-text is-stacked-on-mobile\"><figure class=\"wp-block-media-text__media\"><img loading=\"lazy\" decoding=\"async\" width=\"1024\" height=\"683\" src=\"https:\/\/fundacionicolas.org\/wp-content\/uploads\/2025\/01\/IMG_3412-1024x683.jpg\" alt=\"\" class=\"wp-image-1163 size-full\" srcset=\"https:\/\/fundacionicolas.org\/wp-content\/uploads\/2025\/01\/IMG_3412-1024x683.jpg 1024w, https:\/\/fundacionicolas.org\/wp-content\/uploads\/2025\/01\/IMG_3412-300x200.jpg 300w, https:\/\/fundacionicolas.org\/wp-content\/uploads\/2025\/01\/IMG_3412-768x512.jpg 768w, https:\/\/fundacionicolas.org\/wp-content\/uploads\/2025\/01\/IMG_3412-1536x1024.jpg 1536w, https:\/\/fundacionicolas.org\/wp-content\/uploads\/2025\/01\/IMG_3412-2048x1365.jpg 2048w, https:\/\/fundacionicolas.org\/wp-content\/uploads\/2025\/01\/IMG_3412-350x233.jpg 350w\" sizes=\"(max-width: 767px) 89vw, (max-width: 1000px) 54vw, (max-width: 1071px) 543px, 580px\" \/><\/figure><div class=\"wp-block-media-text__content\">\n<p><\/p>\n\n\n\n<figure class=\"wp-block-image size-large\"><img loading=\"lazy\" decoding=\"async\" width=\"1024\" height=\"709\" src=\"https:\/\/fundacionicolas.org\/wp-content\/uploads\/2025\/01\/Captura-de-pantalla-2024-10-17-a-las-12.54.42\u202fp.-m-1024x709.png\" alt=\"\" class=\"wp-image-1164\" srcset=\"https:\/\/fundacionicolas.org\/wp-content\/uploads\/2025\/01\/Captura-de-pantalla-2024-10-17-a-las-12.54.42\u202fp.-m-1024x709.png 1024w, https:\/\/fundacionicolas.org\/wp-content\/uploads\/2025\/01\/Captura-de-pantalla-2024-10-17-a-las-12.54.42\u202fp.-m-300x208.png 300w, https:\/\/fundacionicolas.org\/wp-content\/uploads\/2025\/01\/Captura-de-pantalla-2024-10-17-a-las-12.54.42\u202fp.-m-768x532.png 768w, https:\/\/fundacionicolas.org\/wp-content\/uploads\/2025\/01\/Captura-de-pantalla-2024-10-17-a-las-12.54.42\u202fp.-m-1536x1063.png 1536w, https:\/\/fundacionicolas.org\/wp-content\/uploads\/2025\/01\/Captura-de-pantalla-2024-10-17-a-las-12.54.42\u202fp.-m-2048x1417.png 2048w, https:\/\/fundacionicolas.org\/wp-content\/uploads\/2025\/01\/Captura-de-pantalla-2024-10-17-a-las-12.54.42\u202fp.-m-350x242.png 350w\" sizes=\"(max-width: 767px) 89vw, (max-width: 1000px) 54vw, (max-width: 1071px) 543px, 580px\" \/><\/figure>\n<\/div><\/div>\n\n\n\n<div class=\"wp-block-media-text is-stacked-on-mobile\"><figure class=\"wp-block-media-text__media\"><img loading=\"lazy\" decoding=\"async\" width=\"1024\" height=\"709\" src=\"https:\/\/fundacionicolas.org\/wp-content\/uploads\/2025\/01\/Captura-de-pantalla-2024-10-17-a-las-1.10.26\u202fp.-m-1024x709.png\" alt=\"\" class=\"wp-image-1166 size-full\" srcset=\"https:\/\/fundacionicolas.org\/wp-content\/uploads\/2025\/01\/Captura-de-pantalla-2024-10-17-a-las-1.10.26\u202fp.-m-1024x709.png 1024w, https:\/\/fundacionicolas.org\/wp-content\/uploads\/2025\/01\/Captura-de-pantalla-2024-10-17-a-las-1.10.26\u202fp.-m-300x208.png 300w, https:\/\/fundacionicolas.org\/wp-content\/uploads\/2025\/01\/Captura-de-pantalla-2024-10-17-a-las-1.10.26\u202fp.-m-768x532.png 768w, https:\/\/fundacionicolas.org\/wp-content\/uploads\/2025\/01\/Captura-de-pantalla-2024-10-17-a-las-1.10.26\u202fp.-m-1536x1064.png 1536w, https:\/\/fundacionicolas.org\/wp-content\/uploads\/2025\/01\/Captura-de-pantalla-2024-10-17-a-las-1.10.26\u202fp.-m-2048x1418.png 2048w, https:\/\/fundacionicolas.org\/wp-content\/uploads\/2025\/01\/Captura-de-pantalla-2024-10-17-a-las-1.10.26\u202fp.-m-350x242.png 350w\" sizes=\"(max-width: 767px) 89vw, (max-width: 1000px) 54vw, (max-width: 1071px) 543px, 580px\" \/><\/figure><div class=\"wp-block-media-text__content\">\n<p><\/p>\n\n\n\n<figure class=\"wp-block-image size-large\"><img loading=\"lazy\" decoding=\"async\" width=\"1024\" height=\"575\" src=\"https:\/\/fundacionicolas.org\/wp-content\/uploads\/2025\/01\/Captura-de-pantalla-2024-10-17-a-las-1.12.46\u202fp.-m-1024x575.png\" alt=\"\" class=\"wp-image-1167\" srcset=\"https:\/\/fundacionicolas.org\/wp-content\/uploads\/2025\/01\/Captura-de-pantalla-2024-10-17-a-las-1.12.46\u202fp.-m-1024x575.png 1024w, https:\/\/fundacionicolas.org\/wp-content\/uploads\/2025\/01\/Captura-de-pantalla-2024-10-17-a-las-1.12.46\u202fp.-m-300x169.png 300w, https:\/\/fundacionicolas.org\/wp-content\/uploads\/2025\/01\/Captura-de-pantalla-2024-10-17-a-las-1.12.46\u202fp.-m-768x431.png 768w, https:\/\/fundacionicolas.org\/wp-content\/uploads\/2025\/01\/Captura-de-pantalla-2024-10-17-a-las-1.12.46\u202fp.-m-1536x863.png 1536w, https:\/\/fundacionicolas.org\/wp-content\/uploads\/2025\/01\/Captura-de-pantalla-2024-10-17-a-las-1.12.46\u202fp.-m-2048x1151.png 2048w, https:\/\/fundacionicolas.org\/wp-content\/uploads\/2025\/01\/Captura-de-pantalla-2024-10-17-a-las-1.12.46\u202fp.-m-350x197.png 350w\" sizes=\"(max-width: 767px) 89vw, (max-width: 1000px) 54vw, (max-width: 1071px) 543px, 580px\" \/><\/figure>\n<\/div><\/div>\n\n\n\n<figure class=\"wp-block-image size-large\"><img loading=\"lazy\" decoding=\"async\" width=\"1024\" height=\"571\" src=\"https:\/\/fundacionicolas.org\/wp-content\/uploads\/2025\/01\/Captura-de-pantalla-2024-10-17-a-las-12.50.13\u202fp.-m-1024x571.png\" alt=\"\" class=\"wp-image-1173\" srcset=\"https:\/\/fundacionicolas.org\/wp-content\/uploads\/2025\/01\/Captura-de-pantalla-2024-10-17-a-las-12.50.13\u202fp.-m-1024x571.png 1024w, https:\/\/fundacionicolas.org\/wp-content\/uploads\/2025\/01\/Captura-de-pantalla-2024-10-17-a-las-12.50.13\u202fp.-m-300x167.png 300w, https:\/\/fundacionicolas.org\/wp-content\/uploads\/2025\/01\/Captura-de-pantalla-2024-10-17-a-las-12.50.13\u202fp.-m-768x428.png 768w, https:\/\/fundacionicolas.org\/wp-content\/uploads\/2025\/01\/Captura-de-pantalla-2024-10-17-a-las-12.50.13\u202fp.-m-1536x856.png 1536w, https:\/\/fundacionicolas.org\/wp-content\/uploads\/2025\/01\/Captura-de-pantalla-2024-10-17-a-las-12.50.13\u202fp.-m-2048x1142.png 2048w, https:\/\/fundacionicolas.org\/wp-content\/uploads\/2025\/01\/Captura-de-pantalla-2024-10-17-a-las-12.50.13\u202fp.-m-350x195.png 350w\" sizes=\"(max-width: 767px) 89vw, (max-width: 1000px) 54vw, (max-width: 1071px) 543px, 580px\" \/><\/figure>\n\n\n\n<p><strong>Foro \u00abVisibilizando el Duelo Perinatal\u00bb<\/strong><br>Organizado junto con la Secretar\u00eda de Salud, el foro tuvo lugar en el CAC Centro de Artes Contempor\u00e1neo iluminando el mismo como cierre simb\u00f3lico.  En el marco de la Ordenanza Metropolitana No 071-2024 en conmemraci\u00f3n del dia \u00bb D\u00eda Internacional de las p\u00e9rdidas Gestacionales, Neonatales y Perinatales\u00bb. Panelistas de la Universidad de Las Am\u00e9ricas (UDLA), la Cl\u00ednica de la Mujer y la Familia, y la Fundaci\u00f3n Nicol\u00e1s compartieron conocimientos y experiencias, destacando la importancia de hablar sobre esta tem\u00e1tica.<\/p>\n\n\n\n<figure class=\"wp-block-image size-large\"><img loading=\"lazy\" decoding=\"async\" width=\"1024\" height=\"908\" src=\"https:\/\/fundacionicolas.org\/wp-content\/uploads\/2025\/01\/WhatsApp-Image-2024-10-21-at-15.51.39-1024x908.jpeg\" alt=\"\" class=\"wp-image-1176\" srcset=\"https:\/\/fundacionicolas.org\/wp-content\/uploads\/2025\/01\/WhatsApp-Image-2024-10-21-at-15.51.39-1024x908.jpeg 1024w, https:\/\/fundacionicolas.org\/wp-content\/uploads\/2025\/01\/WhatsApp-Image-2024-10-21-at-15.51.39-300x266.jpeg 300w, https:\/\/fundacionicolas.org\/wp-content\/uploads\/2025\/01\/WhatsApp-Image-2024-10-21-at-15.51.39-768x681.jpeg 768w, https:\/\/fundacionicolas.org\/wp-content\/uploads\/2025\/01\/WhatsApp-Image-2024-10-21-at-15.51.39-1536x1362.jpeg 1536w, https:\/\/fundacionicolas.org\/wp-content\/uploads\/2025\/01\/WhatsApp-Image-2024-10-21-at-15.51.39-350x310.jpeg 350w, https:\/\/fundacionicolas.org\/wp-content\/uploads\/2025\/01\/WhatsApp-Image-2024-10-21-at-15.51.39.jpeg 1600w\" sizes=\"(max-width: 767px) 89vw, (max-width: 1000px) 54vw, (max-width: 1071px) 543px, 580px\" \/><\/figure>\n\n\n\n<figure class=\"wp-block-image size-large\"><img loading=\"lazy\" decoding=\"async\" width=\"1024\" height=\"768\" src=\"https:\/\/fundacionicolas.org\/wp-content\/uploads\/2025\/01\/WhatsApp-Image-2024-10-21-at-15.51.38-1024x768.jpeg\" alt=\"\" class=\"wp-image-1177\" srcset=\"https:\/\/fundacionicolas.org\/wp-content\/uploads\/2025\/01\/WhatsApp-Image-2024-10-21-at-15.51.38-1024x768.jpeg 1024w, https:\/\/fundacionicolas.org\/wp-content\/uploads\/2025\/01\/WhatsApp-Image-2024-10-21-at-15.51.38-300x225.jpeg 300w, https:\/\/fundacionicolas.org\/wp-content\/uploads\/2025\/01\/WhatsApp-Image-2024-10-21-at-15.51.38-768x576.jpeg 768w, https:\/\/fundacionicolas.org\/wp-content\/uploads\/2025\/01\/WhatsApp-Image-2024-10-21-at-15.51.38-1536x1152.jpeg 1536w, https:\/\/fundacionicolas.org\/wp-content\/uploads\/2025\/01\/WhatsApp-Image-2024-10-21-at-15.51.38-350x263.jpeg 350w, https:\/\/fundacionicolas.org\/wp-content\/uploads\/2025\/01\/WhatsApp-Image-2024-10-21-at-15.51.38.jpeg 1600w\" sizes=\"(max-width: 767px) 89vw, (max-width: 1000px) 54vw, (max-width: 1071px) 543px, 580px\" \/><\/figure>\n\n\n\n<h3 class=\"wp-block-heading\"><strong>Evento en Cuenca<\/strong><\/h3>\n\n\n\n<p>En la hermosa Casa Yangoe, espacio de la Fundaci\u00f3n Nicol\u00e1s en esta ciudad, se realiz\u00f3 una conmovedora ceremonia de iluminaci\u00f3n con velas. Este acto nos permiti\u00f3 recordar con amor y esperanza a quienes dejaron una huella imborrable en nuestras vidas.<\/p>\n\n\n\n<figure class=\"wp-block-image size-large is-resized\"><img loading=\"lazy\" decoding=\"async\" width=\"576\" height=\"1024\" src=\"https:\/\/fundacionicolas.org\/wp-content\/uploads\/2025\/01\/WhatsApp-Image-2024-12-30-at-11.14.30-576x1024.jpeg\" alt=\"\" class=\"wp-image-1178\" style=\"width:575px;height:auto\" srcset=\"https:\/\/fundacionicolas.org\/wp-content\/uploads\/2025\/01\/WhatsApp-Image-2024-12-30-at-11.14.30-576x1024.jpeg 576w, https:\/\/fundacionicolas.org\/wp-content\/uploads\/2025\/01\/WhatsApp-Image-2024-12-30-at-11.14.30-169x300.jpeg 169w, https:\/\/fundacionicolas.org\/wp-content\/uploads\/2025\/01\/WhatsApp-Image-2024-12-30-at-11.14.30-768x1365.jpeg 768w, https:\/\/fundacionicolas.org\/wp-content\/uploads\/2025\/01\/WhatsApp-Image-2024-12-30-at-11.14.30-864x1536.jpeg 864w, https:\/\/fundacionicolas.org\/wp-content\/uploads\/2025\/01\/WhatsApp-Image-2024-12-30-at-11.14.30-350x622.jpeg 350w, https:\/\/fundacionicolas.org\/wp-content\/uploads\/2025\/01\/WhatsApp-Image-2024-12-30-at-11.14.30.jpeg 900w\" sizes=\"(max-width: 576px) 100vw, 576px\" \/><\/figure>\n\n\n\n<h3 class=\"wp-block-heading\"><strong>Transformando el Dolor en Amor<\/strong><\/h3>\n\n\n\n<p>La Ola de Luz 2024 nos uni\u00f3 para honrar, recordar y acompa\u00f1ar, iluminando el camino hacia una vida plena para las familias en duelo.<\/p>\n","protected":false},"excerpt":{"rendered":"<p>Ola de Luz 2024: Conmemorando el D\u00eda del Duelo Gestacional, Perinatal y Neonatal Este 15 de octubre, nos unimos para iluminar corazones en Quito y Cuenca, recordando a los beb\u00e9s que viven para siempre en nuestra memoria Eventos en Quito Iluminaci\u00f3n en la Cl\u00ednica de la Mujer y la FamiliaCl\u00ednica de la Mujer y la &hellip; <\/p>\n<p class=\"link-more\"><a href=\"https:\/\/fundacionicolas.org\/?page_id=1154\" class=\"more-link\">Continuar leyendo<span class=\"screen-reader-text\"> \u00abOla de Luz 2024\u00bb<\/span><\/a><\/p>\n","protected":false},"author":2,"featured_media":0,"parent":0,"menu_order":0,"comment_status":"closed","ping_status":"closed","template":"","meta":{"om_disable_all_campaigns":false,"_monsterinsights_skip_tracking":false,"_monsterinsights_sitenote_active":false,"_monsterinsights_sitenote_note":"","_monsterinsights_sitenote_category":0,"footnotes":""},"aioseo_notices":[],"_links":{"self":[{"href":"https:\/\/fundacionicolas.org\/index.php?rest_route=\/wp\/v2\/pages\/1154"}],"collection":[{"href":"https:\/\/fundacionicolas.org\/index.php?rest_route=\/wp\/v2\/pages"}],"about":[{"href":"https:\/\/fundacionicolas.org\/index.php?rest_route=\/wp\/v2\/types\/page"}],"author":[{"embeddable":true,"href":"https:\/\/fundacionicolas.org\/index.php?rest_route=\/wp\/v2\/users\/2"}],"replies":[{"embeddable":true,"href":"https:\/\/fundacionicolas.org\/index.php?rest_route=%2Fwp%2Fv2%2Fcomments&post=1154"}],"version-history":[{"count":5,"href":"https:\/\/fundacionicolas.org\/index.php?rest_route=\/wp\/v2\/pages\/1154\/revisions"}],"predecessor-version":[{"id":1210,"href":"https:\/\/fundacionicolas.org\/index.php?rest_route=\/wp\/v2\/pages\/1154\/revisions\/1210"}],"wp:attachment":[{"href":"https:\/\/fundacionicolas.org\/index.php?rest_route=%2Fwp%2Fv2%2Fmedia&parent=1154"}],"curies":[{"name":"wp","href":"https:\/\/api.w.org\/{rel}","templated":true}]}}