{"id":21,"date":"2023-04-15T10:25:43","date_gmt":"2023-04-15T13:25:43","guid":{"rendered":"https:\/\/fundacionicolas.org\/?page_id=21"},"modified":"2025-03-13T14:29:12","modified_gmt":"2025-03-13T17:29:12","slug":"quienes-somos","status":"publish","type":"page","link":"https:\/\/fundacionicolas.org\/?page_id=21","title":{"rendered":"Qui\u00e9nes somos"},"content":{"rendered":"<h1 style=\"text-decoration:none;text-transform:capitalize;letter-spacing:0px;\" class=\"wp-block-site-title has-x-large-font-size\">FUNDACI\u00d3N NICOL\u00c1S<\/h1>\n\n\n<p>Fundaci\u00f3n Nicol\u00e1s es una organizaci\u00f3n sin fines de lucro para apoyar en el duelo gestacional, perinatal y neonatal, cuya misi\u00f3n es ofrecer compasi\u00f3n, comprensi\u00f3n y orientaci\u00f3n a aquellos que atraviesan el camino del duelo, a menudo aislante y abrumador.<\/p>\n\n\n\n<p>Al haber pasado por este dolor tan inexplicable, entendemos los retos \u00fanicos que conlleva dicha p\u00e9rdida y estamos aqu\u00ed para ofrecer una comunidad de apoyo en la que los padres puedan ponerse en contacto con nosotros y con otras personas que han compartido experiencias similares.<\/p>\n\n\n\n<p>Nuestro sitio web ofrece una variedad de recursos y herramientas para apoyar a los padres en su viaje de duelo. Desde art\u00edculos y videos hasta informaci\u00f3n sobre grupos de apoyo y servicios de asesoramiento, nuestro objetivo es ofrecer un enfoque completo y compasivo del apoyo a dicho duelo.<\/p>\n\n\n\n<p>Nuestra fundaci\u00f3n tambi\u00e9n trabaja para concientizar y promover la educaci\u00f3n en torno a dicha p\u00e9rdida defendiendo las necesidades de las familias que han experimentado esta devastadora p\u00e9rdida. Con nuestros esfuerzos, esperamos crear una sociedad m\u00e1s solidaria y comprensiva con los afectados por este duelo.<\/p>\n\n\n\n<p>Gracias por visitar nuestro sitio web y por unirse a nosotros en nuestra misi\u00f3n de apoyar y levantar a las familias que han experimentado tal p\u00e9rdida. Esperamos que nuestros recursos y nuestra comunidad puedan ofrecerles consuelo, comprensi\u00f3n y esperanza en estos dif\u00edciles momentos.<\/p>\n\n\n\n<hr class=\"wp-block-separator has-alpha-channel-opacity\"\/>\n\n\n\n<h2 class=\"wp-block-heading\">Misi\u00f3n<\/h2>\n\n\n\n<p>Nuestra misi\u00f3n es la de apoyar y acompa\u00f1ar a la madre, padre, y familiares a sobrellevar el duelo gestacional, perinatal y neonatal en cada etapa, promoviendo la concientizaci\u00f3n en la sociedad, generando informaci\u00f3n, divulgaci\u00f3n y cultura acerca de este tema. Adem\u00e1s, garantizar a cada madre, padre y familiares total respeto y cercan\u00eda, apoyo moral, espiritual y psicol\u00f3gico el tiempo que crean necesario.<\/p>\n\n\n\n<h2 class=\"wp-block-heading\">Visi\u00f3n<\/h2>\n\n\n\n<p>Queremos ser una fundaci\u00f3n visible en la comunidad, creando concientizaci\u00f3n acerca de la muerte gestacional, perinatal y neonatal a nivel nacional. Con el apoyo de la academia, ministerios, iglesias y gobierno promover pol\u00edticas para la gu\u00eda del cuidado y apoyo en el duelo gestacional, perinatal y neonatal.<\/p>\n\n\n\n<h2 class=\"wp-block-heading\">Valores<\/h2>\n\n\n\n<h3 class=\"wp-block-heading\"><strong>Solidaridad<\/strong>:<\/h3>\n\n\n\n<p>Colaborando con cada madre y padre dentro de este proceso de duelo y a sus familias.<\/p>\n\n\n\n<h3 class=\"wp-block-heading\"><strong>Respeto<\/strong>:<\/h3>\n\n\n\n<p>Es la virtud de considerar la dignidad de cada madre y padre, todos sus m\u00e9ritos, su valent\u00eda de afrontar este tiempo de dolor y sufrimiento.<\/p>\n\n\n\n<h3 class=\"wp-block-heading\"><strong>Amor:<\/strong><\/h3>\n\n\n\n<h3 class=\"wp-block-heading\">Amando al pr\u00f3jimo, entendiendo que solo el amor infinito que tenemos hacia nuestros beb\u00e9s que ya no est\u00e1n f\u00edsicamente podemos seguir caminando un d\u00eda a la vez. <\/h3>\n\n\n\n<h3 class=\"wp-block-heading\"><strong>Honor:<\/strong><\/h3>\n\n\n\n<p>Honrando la memoria  de cada beb\u00e9 que parti\u00f3 muy temprano,  independientemente de sus semanas de gestaci\u00f3n o de vida.\u00a0<\/p>\n\n\n\n<h3 class=\"wp-block-heading\"><strong>Comprensi\u00f3n:<\/strong><\/h3>\n\n\n\n<p>Entender las necesidades y emociones de los padres y familiares en la perdida y duelo.<\/p>\n\n\n\n<h3 class=\"wp-block-heading\"><strong>Beneficiencia:<\/strong><\/h3>\n\n\n\n<p>Tenemos la gran disposici\u00f3n de ayudar de manera desinteresada, ayudando al pr\u00f3jimo en cada etapa de duelo gestacional, perinatal y neonatal.&nbsp;<\/p>\n\n\n\n<hr class=\"wp-block-separator has-alpha-channel-opacity\"\/>\n\n\n\n<p>Necesitas apoyo o solo quisieras dejarnos unas palabras. No dudes en ponerte en contacto con nosotros mediante la siguiente informaci\u00f3n de contacto.<\/p>\n\n\n<div class=\"wp-block-jetpack-contact-form\"><a href=\"https:\/\/fundacionicolas.org\/?page_id=21\" target=\"_blank\" rel=\"noopener noreferrer\">Env\u00eda un formulario.<\/a><\/div>","protected":false},"excerpt":{"rendered":"<p>Fundaci\u00f3n Nicol\u00e1s es una organizaci\u00f3n sin fines de lucro para apoyar en el duelo gestacional, perinatal y neonatal, cuya misi\u00f3n es ofrecer compasi\u00f3n, comprensi\u00f3n y orientaci\u00f3n a aquellos que atraviesan el camino del duelo, a menudo aislante y abrumador. Al haber pasado por este dolor tan inexplicable, entendemos los retos \u00fanicos que conlleva dicha p\u00e9rdida &hellip; <\/p>\n<p class=\"link-more\"><a href=\"https:\/\/fundacionicolas.org\/?page_id=21\" class=\"more-link\">Continuar leyendo<span class=\"screen-reader-text\"> \u00abQui\u00e9nes somos\u00bb<\/span><\/a><\/p>\n","protected":false},"author":2,"featured_media":134,"parent":0,"menu_order":0,"comment_status":"closed","ping_status":"closed","template":"","meta":{"om_disable_all_campaigns":false,"_monsterinsights_skip_tracking":false,"_monsterinsights_sitenote_active":false,"_monsterinsights_sitenote_note":"","_monsterinsights_sitenote_category":0,"footnotes":""},"aioseo_notices":[],"_links":{"self":[{"href":"https:\/\/fundacionicolas.org\/index.php?rest_route=\/wp\/v2\/pages\/21"}],"collection":[{"href":"https:\/\/fundacionicolas.org\/index.php?rest_route=\/wp\/v2\/pages"}],"about":[{"href":"https:\/\/fundacionicolas.org\/index.php?rest_route=\/wp\/v2\/types\/page"}],"author":[{"embeddable":true,"href":"https:\/\/fundacionicolas.org\/index.php?rest_route=\/wp\/v2\/users\/2"}],"replies":[{"embeddable":true,"href":"https:\/\/fundacionicolas.org\/index.php?rest_route=%2Fwp%2Fv2%2Fcomments&post=21"}],"version-history":[{"count":9,"href":"https:\/\/fundacionicolas.org\/index.php?rest_route=\/wp\/v2\/pages\/21\/revisions"}],"predecessor-version":[{"id":1234,"href":"https:\/\/fundacionicolas.org\/index.php?rest_route=\/wp\/v2\/pages\/21\/revisions\/1234"}],"wp:featuredmedia":[{"embeddable":true,"href":"https:\/\/fundacionicolas.org\/index.php?rest_route=\/wp\/v2\/media\/134"}],"wp:attachment":[{"href":"https:\/\/fundacionicolas.org\/index.php?rest_route=%2Fwp%2Fv2%2Fmedia&parent=21"}],"curies":[{"name":"wp","href":"https:\/\/api.w.org\/{rel}","templated":true}]}}