{"id":24,"date":"2023-04-15T10:25:43","date_gmt":"2023-04-15T13:25:43","guid":{"rendered":"https:\/\/fundacionicolas.org\/?page_id=24"},"modified":"2024-06-18T16:28:45","modified_gmt":"2024-06-18T19:28:45","slug":"caja-de-memoria","status":"publish","type":"page","link":"https:\/\/fundacionicolas.org\/?page_id=24","title":{"rendered":"Caja de recuerdo"},"content":{"rendered":"\n<p>En las p\u00e9rdidas gestacionales independientemente de las semanas de gestaci\u00f3n hasta el embarazo a t\u00e9rmino o despu\u00e9s del nacimiento, es fundamental poder contar con este recurso para recordar con amor todo lo vivido con tu beb\u00e9. <\/p>\n\n\n\n<p>La relaci\u00f3n que existe entre el beb\u00e9 y sus padres comienza mucho antes de su nacimiento, desde que saben los padres que est\u00e1n embarazados, el cari\u00f1o, el afecto y la preocupaci\u00f3n por ese beb\u00e9 va en aumento conforme avanza el embarazo, es por eso que existen recuerdos desde muy temprano.<\/p>\n\n\n\n<p>Esta caja tiene el objetivo de recolectar tanto en cl\u00ednica u hospitales o centros m\u00e9dicos, toda la informaci\u00f3n del beb\u00e9 y objetos de valor por parte de los padres, y objetos muy significativos que colocamos como fundaci\u00f3n.<\/p>\n\n\n\n<p>Para lograr tan lindo objetivo necesitamos del apoyo de todos y todas, al aportar a esta noble causa ayudas a que esta hermosa herramienta de duelo llegue a m\u00e1s padres que lo necesitan. <\/p>\n\n\n\n<p>Si necesitas mas informaci\u00f3n y detalle de lo que hacemos y como podr\u00edas colaborar no dudes en contactarnos. <\/p>\n","protected":false},"excerpt":{"rendered":"<p>En las p\u00e9rdidas gestacionales independientemente de las semanas de gestaci\u00f3n hasta el embarazo a t\u00e9rmino o despu\u00e9s del nacimiento, es fundamental poder contar con este recurso para recordar con amor todo lo vivido con tu beb\u00e9. La relaci\u00f3n que existe entre el beb\u00e9 y sus padres comienza mucho antes de su nacimiento, desde que saben &hellip; <\/p>\n<p class=\"link-more\"><a href=\"https:\/\/fundacionicolas.org\/?page_id=24\" class=\"more-link\">Continuar leyendo<span class=\"screen-reader-text\"> \u00abCaja de recuerdo\u00bb<\/span><\/a><\/p>\n","protected":false},"author":2,"featured_media":468,"parent":0,"menu_order":0,"comment_status":"closed","ping_status":"closed","template":"","meta":{"om_disable_all_campaigns":false,"_monsterinsights_skip_tracking":false,"_monsterinsights_sitenote_active":false,"_monsterinsights_sitenote_note":"","_monsterinsights_sitenote_category":0,"footnotes":""},"aioseo_notices":[],"_links":{"self":[{"href":"https:\/\/fundacionicolas.org\/index.php?rest_route=\/wp\/v2\/pages\/24"}],"collection":[{"href":"https:\/\/fundacionicolas.org\/index.php?rest_route=\/wp\/v2\/pages"}],"about":[{"href":"https:\/\/fundacionicolas.org\/index.php?rest_route=\/wp\/v2\/types\/page"}],"author":[{"embeddable":true,"href":"https:\/\/fundacionicolas.org\/index.php?rest_route=\/wp\/v2\/users\/2"}],"replies":[{"embeddable":true,"href":"https:\/\/fundacionicolas.org\/index.php?rest_route=%2Fwp%2Fv2%2Fcomments&post=24"}],"version-history":[{"count":6,"href":"https:\/\/fundacionicolas.org\/index.php?rest_route=\/wp\/v2\/pages\/24\/revisions"}],"predecessor-version":[{"id":725,"href":"https:\/\/fundacionicolas.org\/index.php?rest_route=\/wp\/v2\/pages\/24\/revisions\/725"}],"wp:featuredmedia":[{"embeddable":true,"href":"https:\/\/fundacionicolas.org\/index.php?rest_route=\/wp\/v2\/media\/468"}],"wp:attachment":[{"href":"https:\/\/fundacionicolas.org\/index.php?rest_route=%2Fwp%2Fv2%2Fmedia&parent=24"}],"curies":[{"name":"wp","href":"https:\/\/api.w.org\/{rel}","templated":true}]}}