{"id":28,"date":"2023-04-15T10:25:43","date_gmt":"2023-04-15T13:25:43","guid":{"rendered":"https:\/\/fundacionicolas.org\/?page_id=28"},"modified":"2025-02-24T14:48:43","modified_gmt":"2025-02-24T17:48:43","slug":"como-colaborar","status":"publish","type":"page","link":"https:\/\/fundacionicolas.org\/?page_id=28","title":{"rendered":"S\u00famate a esta ayuda"},"content":{"rendered":"\n<p>Cada donaci\u00f3n a nuestra causa es una luz de esperanza para familias que enfrentan el dolor m\u00e1s profundo: la p\u00e9rdida de un hijo en etapas gestacional, perinatal o neonatal. Con tu generoso apoyo, podemos brindarles el acompa\u00f1amiento emocional, psicol\u00f3gico y social que tanto necesitan durante este dif\u00edcil proceso.<\/p>\n\n\n\n<p>Juntos, podemos construir una red de empat\u00eda y solidaridad, transformando el dolor en un camino hacia la sanaci\u00f3n. \u00a1Tu donaci\u00f3n hace la diferencia!<\/p>\n\n\n\n<div id=\"pp-button\"><\/div>\n\n\n\n<!--more-->\n\n\n\n<figure class=\"wp-block-image size-large\"><img loading=\"lazy\" decoding=\"async\" width=\"1024\" height=\"576\" src=\"https:\/\/fundacionicolas.org\/wp-content\/uploads\/2025\/02\/Tranferencias-banco--1024x576.png\" alt=\"\" class=\"wp-image-1220\" srcset=\"https:\/\/fundacionicolas.org\/wp-content\/uploads\/2025\/02\/Tranferencias-banco--1024x576.png 1024w, https:\/\/fundacionicolas.org\/wp-content\/uploads\/2025\/02\/Tranferencias-banco--300x169.png 300w, https:\/\/fundacionicolas.org\/wp-content\/uploads\/2025\/02\/Tranferencias-banco--768x432.png 768w, https:\/\/fundacionicolas.org\/wp-content\/uploads\/2025\/02\/Tranferencias-banco--350x197.png 350w, https:\/\/fundacionicolas.org\/wp-content\/uploads\/2025\/02\/Tranferencias-banco-.png 1280w\" sizes=\"(max-width: 767px) 89vw, (max-width: 1000px) 54vw, (max-width: 1071px) 543px, 580px\" \/><\/figure>\n","protected":false},"excerpt":{"rendered":"<p>Cada donaci\u00f3n a nuestra causa es una luz de esperanza para familias que enfrentan el dolor m\u00e1s profundo: la p\u00e9rdida de un hijo en etapas gestacional, perinatal o neonatal. Con tu generoso apoyo, podemos brindarles el acompa\u00f1amiento emocional, psicol\u00f3gico y social que tanto necesitan durante este dif\u00edcil proceso. Juntos, podemos construir una red de empat\u00eda &hellip; <\/p>\n<p class=\"link-more\"><a href=\"https:\/\/fundacionicolas.org\/?page_id=28\" class=\"more-link\">Continuar leyendo<span class=\"screen-reader-text\"> \u00abS\u00famate a esta ayuda\u00bb<\/span><\/a><\/p>\n","protected":false},"author":2,"featured_media":1219,"parent":0,"menu_order":0,"comment_status":"closed","ping_status":"closed","template":"","meta":{"om_disable_all_campaigns":false,"_monsterinsights_skip_tracking":false,"_monsterinsights_sitenote_active":false,"_monsterinsights_sitenote_note":"","_monsterinsights_sitenote_category":0,"footnotes":""},"aioseo_notices":[],"_links":{"self":[{"href":"https:\/\/fundacionicolas.org\/index.php?rest_route=\/wp\/v2\/pages\/28"}],"collection":[{"href":"https:\/\/fundacionicolas.org\/index.php?rest_route=\/wp\/v2\/pages"}],"about":[{"href":"https:\/\/fundacionicolas.org\/index.php?rest_route=\/wp\/v2\/types\/page"}],"author":[{"embeddable":true,"href":"https:\/\/fundacionicolas.org\/index.php?rest_route=\/wp\/v2\/users\/2"}],"replies":[{"embeddable":true,"href":"https:\/\/fundacionicolas.org\/index.php?rest_route=%2Fwp%2Fv2%2Fcomments&post=28"}],"version-history":[{"count":22,"href":"https:\/\/fundacionicolas.org\/index.php?rest_route=\/wp\/v2\/pages\/28\/revisions"}],"predecessor-version":[{"id":1222,"href":"https:\/\/fundacionicolas.org\/index.php?rest_route=\/wp\/v2\/pages\/28\/revisions\/1222"}],"wp:featuredmedia":[{"embeddable":true,"href":"https:\/\/fundacionicolas.org\/index.php?rest_route=\/wp\/v2\/media\/1219"}],"wp:attachment":[{"href":"https:\/\/fundacionicolas.org\/index.php?rest_route=%2Fwp%2Fv2%2Fmedia&parent=28"}],"curies":[{"name":"wp","href":"https:\/\/api.w.org\/{rel}","templated":true}]}}