{"id":294,"date":"2023-06-21T13:23:37","date_gmt":"2023-06-21T16:23:37","guid":{"rendered":"https:\/\/fundacionicolas.org\/?page_id=294"},"modified":"2024-06-18T17:07:44","modified_gmt":"2024-06-18T20:07:44","slug":"ayuda-psicologica","status":"publish","type":"page","link":"https:\/\/fundacionicolas.org\/?page_id=294","title":{"rendered":"Ayuda psicol\u00f3gica"},"content":{"rendered":"\n<p>Este tipo de ayuda es fundamental, como fundaci\u00f3n estamos convencidos que manejar el duelo integralmente, tanto f\u00edsica como mentalmente van de la mano.<\/p>\n\n\n\n<p>En Fundaci\u00f3n Nicol\u00e1s contamos con Psic\u00f3logas calificadas para poder brindarte la terapia que necesitas. <\/p>\n\n\n\n<p>Si necesitas terapia no dudes en llenar el formulario y nos pondremos en contacto contigo. <\/p>\n\n\n\n<div class=\"wp-block-columns is-layout-flex wp-container-core-columns-is-layout-1 wp-block-columns-is-layout-flex\">\n<div class=\"wp-block-column is-layout-flow wp-block-column-is-layout-flow\" style=\"flex-basis:100%\"><\/div>\n<\/div>\n\n\n<div class=\"wp-block-jetpack-contact-form\"><a href=\"https:\/\/fundacionicolas.org\/?page_id=294\" target=\"_blank\" rel=\"noopener noreferrer\">Env\u00eda un formulario.<\/a><\/div>","protected":false},"excerpt":{"rendered":"<p>Este tipo de ayuda es fundamental, como fundaci\u00f3n estamos convencidos que manejar el duelo integralmente, tanto f\u00edsica como mentalmente van de la mano. En Fundaci\u00f3n Nicol\u00e1s contamos con Psic\u00f3logas calificadas para poder brindarte la terapia que necesitas. Si necesitas terapia no dudes en llenar el formulario y nos pondremos en contacto contigo.<\/p>\n","protected":false},"author":1,"featured_media":304,"parent":0,"menu_order":0,"comment_status":"closed","ping_status":"closed","template":"","meta":{"om_disable_all_campaigns":false,"_monsterinsights_skip_tracking":false,"_monsterinsights_sitenote_active":false,"_monsterinsights_sitenote_note":"","_monsterinsights_sitenote_category":0,"footnotes":""},"aioseo_notices":[],"_links":{"self":[{"href":"https:\/\/fundacionicolas.org\/index.php?rest_route=\/wp\/v2\/pages\/294"}],"collection":[{"href":"https:\/\/fundacionicolas.org\/index.php?rest_route=\/wp\/v2\/pages"}],"about":[{"href":"https:\/\/fundacionicolas.org\/index.php?rest_route=\/wp\/v2\/types\/page"}],"author":[{"embeddable":true,"href":"https:\/\/fundacionicolas.org\/index.php?rest_route=\/wp\/v2\/users\/1"}],"replies":[{"embeddable":true,"href":"https:\/\/fundacionicolas.org\/index.php?rest_route=%2Fwp%2Fv2%2Fcomments&post=294"}],"version-history":[{"count":6,"href":"https:\/\/fundacionicolas.org\/index.php?rest_route=\/wp\/v2\/pages\/294\/revisions"}],"predecessor-version":[{"id":747,"href":"https:\/\/fundacionicolas.org\/index.php?rest_route=\/wp\/v2\/pages\/294\/revisions\/747"}],"wp:featuredmedia":[{"embeddable":true,"href":"https:\/\/fundacionicolas.org\/index.php?rest_route=\/wp\/v2\/media\/304"}],"wp:attachment":[{"href":"https:\/\/fundacionicolas.org\/index.php?rest_route=%2Fwp%2Fv2%2Fmedia&parent=294"}],"curies":[{"name":"wp","href":"https:\/\/api.w.org\/{rel}","templated":true}]}}