{"id":335,"date":"2023-10-20T09:53:11","date_gmt":"2023-10-20T12:53:11","guid":{"rendered":"https:\/\/fundacionicolas.org\/?page_id=335"},"modified":"2024-06-18T17:12:41","modified_gmt":"2024-06-18T20:12:41","slug":"ola-de-luz-2023","status":"publish","type":"page","link":"https:\/\/fundacionicolas.org\/?page_id=335","title":{"rendered":"Ola de Luz 2023"},"content":{"rendered":"\n<p>Es la primera Ola de Luz en la capital del Ecuador, fue un hito hist\u00f3rico, en Quito &#8211; Ecuador. <\/p>\n\n\n\n<p>Agradecemos a todas las autoridades, organizaciones y publico por compartir juntos ese d\u00eda. Poder visibilizar y difundir de manera responsable esta problem\u00e1tica y realidad que afecta a nivel mundial es nuestro objetivo. <\/p>\n\n\n\n<p>Como Fundaci\u00f3n estamos comprometidos con la sociedad para poder difundir tan delicado tema que sigue siendo tab\u00fa.<\/p>\n\n\n\n<p>Agradecemos al concejal Andr\u00e9s Campa\u00f1a concejal metropolitano, que forma parte de la comisi\u00f3n de salud del distrito metropolitano de Quito.<\/p>\n\n\n\n<figure class=\"wp-block-image size-large\"><img loading=\"lazy\" decoding=\"async\" width=\"768\" height=\"1024\" src=\"https:\/\/fundacionicolas.org\/wp-content\/uploads\/2023\/10\/Andres-Campana-1-768x1024.jpg\" alt=\"\" class=\"wp-image-352\" srcset=\"https:\/\/fundacionicolas.org\/wp-content\/uploads\/2023\/10\/Andres-Campana-1-768x1024.jpg 768w, https:\/\/fundacionicolas.org\/wp-content\/uploads\/2023\/10\/Andres-Campana-1-350x467.jpg 350w, https:\/\/fundacionicolas.org\/wp-content\/uploads\/2023\/10\/Andres-Campana-1-225x300.jpg 225w, https:\/\/fundacionicolas.org\/wp-content\/uploads\/2023\/10\/Andres-Campana-1.jpg 960w\" sizes=\"(max-width: 767px) 89vw, (max-width: 1000px) 54vw, (max-width: 1071px) 543px, 580px\" \/><\/figure>\n\n\n\n<p>Agradecemos al grupo de investigaci\u00f3n de psicolog\u00eda perinatal SISAY, con la representaci\u00f3n de Estefany Hidalgo. <\/p>\n\n\n\n<figure class=\"wp-block-image size-large\"><img loading=\"lazy\" decoding=\"async\" width=\"768\" height=\"1024\" src=\"https:\/\/fundacionicolas.org\/wp-content\/uploads\/2023\/10\/Estefany-Hidalgo-768x1024.jpg\" alt=\"\" class=\"wp-image-354\" srcset=\"https:\/\/fundacionicolas.org\/wp-content\/uploads\/2023\/10\/Estefany-Hidalgo-768x1024.jpg 768w, https:\/\/fundacionicolas.org\/wp-content\/uploads\/2023\/10\/Estefany-Hidalgo-350x467.jpg 350w, https:\/\/fundacionicolas.org\/wp-content\/uploads\/2023\/10\/Estefany-Hidalgo-225x300.jpg 225w, https:\/\/fundacionicolas.org\/wp-content\/uploads\/2023\/10\/Estefany-Hidalgo.jpg 960w\" sizes=\"(max-width: 767px) 89vw, (max-width: 1000px) 54vw, (max-width: 1071px) 543px, 580px\" \/><\/figure>\n\n\n\n<p>Agradecemos la participaci\u00f3n de la psic\u00f3loga Daniela Serrano, profesional que dirige el grupo de apoyo de la Fundaci\u00f3n Nicol\u00e1s <\/p>\n\n\n\n<div class=\"wp-block-media-text alignwide is-stacked-on-mobile\"><figure class=\"wp-block-media-text__media\"><img loading=\"lazy\" decoding=\"async\" width=\"294\" height=\"937\" src=\"https:\/\/fundacionicolas.org\/wp-content\/uploads\/2023\/10\/Daniela-Serrano-1.jpg\" alt=\"\" class=\"wp-image-362 size-full\" srcset=\"https:\/\/fundacionicolas.org\/wp-content\/uploads\/2023\/10\/Daniela-Serrano-1.jpg 294w, https:\/\/fundacionicolas.org\/wp-content\/uploads\/2023\/10\/Daniela-Serrano-1-94x300.jpg 94w\" sizes=\"(max-width: 294px) 100vw, 294px\" \/><\/figure><div class=\"wp-block-media-text__content\">\n<p>Grupo de apoyo creado por Fundaci\u00f3n Nicol\u00e1s para guiar a madres y padres a atravesar tan dura realidad, creando espacios seguros para el crecimiento de cada uno de los padres. <\/p>\n\n\n\n<p>Las reuniones se crean cada 15 d\u00edas. <\/p>\n<\/div><\/div>\n\n\n\n<p>Con  la intervenci\u00f3n musical, lo cual influyo para un encuentro \u00edntimo entre la m\u00fasica y toda  la audiencia, pudimos tener un intercambio de emociones y energ\u00eda que dejo una impresi\u00f3n perdurable en el coraz\u00f3n y la mente de todos los presentes.<\/p>\n\n\n\n<figure class=\"wp-block-image size-large\"><img loading=\"lazy\" decoding=\"async\" width=\"1920\" height=\"2560\" src=\"https:\/\/fundacionicolas.org\/wp-content\/uploads\/2023\/10\/musica-edited-scaled.jpg\" alt=\"\" class=\"wp-image-361\" srcset=\"https:\/\/fundacionicolas.org\/wp-content\/uploads\/2023\/10\/musica-edited-scaled.jpg 1920w, https:\/\/fundacionicolas.org\/wp-content\/uploads\/2023\/10\/musica-edited-scaled-350x467.jpg 350w, https:\/\/fundacionicolas.org\/wp-content\/uploads\/2023\/10\/musica-edited-225x300.jpg 225w, https:\/\/fundacionicolas.org\/wp-content\/uploads\/2023\/10\/musica-edited-768x1024.jpg 768w, https:\/\/fundacionicolas.org\/wp-content\/uploads\/2023\/10\/musica-edited-1152x1536.jpg 1152w, https:\/\/fundacionicolas.org\/wp-content\/uploads\/2023\/10\/musica-edited-1536x2048.jpg 1536w\" sizes=\"(max-width: 767px) 89vw, (max-width: 1000px) 54vw, (max-width: 1071px) 543px, 580px\" \/><\/figure>\n\n\n\n<p>Para finalizar pudimos tener un tiempo muy bonito para poder concientizar y recordar a cada bebe que no esta con nosotros. <\/p>\n\n\n\n<figure class=\"wp-block-image size-large\"><img loading=\"lazy\" decoding=\"async\" width=\"1024\" height=\"768\" src=\"https:\/\/fundacionicolas.org\/wp-content\/uploads\/2023\/10\/DSCN6623-1024x768.jpg\" alt=\"\" class=\"wp-image-350\" srcset=\"https:\/\/fundacionicolas.org\/wp-content\/uploads\/2023\/10\/DSCN6623-1024x768.jpg 1024w, https:\/\/fundacionicolas.org\/wp-content\/uploads\/2023\/10\/DSCN6623-scaled-350x263.jpg 350w, https:\/\/fundacionicolas.org\/wp-content\/uploads\/2023\/10\/DSCN6623-300x225.jpg 300w, https:\/\/fundacionicolas.org\/wp-content\/uploads\/2023\/10\/DSCN6623-768x576.jpg 768w, https:\/\/fundacionicolas.org\/wp-content\/uploads\/2023\/10\/DSCN6623-1536x1152.jpg 1536w, https:\/\/fundacionicolas.org\/wp-content\/uploads\/2023\/10\/DSCN6623-2048x1536.jpg 2048w\" sizes=\"(max-width: 767px) 89vw, (max-width: 1000px) 54vw, (max-width: 1071px) 543px, 580px\" \/><figcaption class=\"wp-element-caption\">Momento de concientizaci\u00f3n.<\/figcaption><\/figure>\n\n\n\n<figure class=\"wp-block-image size-large\"><img loading=\"lazy\" decoding=\"async\" width=\"1024\" height=\"768\" src=\"https:\/\/fundacionicolas.org\/wp-content\/uploads\/2023\/10\/DSCN6625-1024x768.jpg\" alt=\"\" class=\"wp-image-363\" srcset=\"https:\/\/fundacionicolas.org\/wp-content\/uploads\/2023\/10\/DSCN6625-1024x768.jpg 1024w, https:\/\/fundacionicolas.org\/wp-content\/uploads\/2023\/10\/DSCN6625-scaled-350x263.jpg 350w, https:\/\/fundacionicolas.org\/wp-content\/uploads\/2023\/10\/DSCN6625-300x225.jpg 300w, https:\/\/fundacionicolas.org\/wp-content\/uploads\/2023\/10\/DSCN6625-768x576.jpg 768w, https:\/\/fundacionicolas.org\/wp-content\/uploads\/2023\/10\/DSCN6625-1536x1152.jpg 1536w, https:\/\/fundacionicolas.org\/wp-content\/uploads\/2023\/10\/DSCN6625-2048x1536.jpg 2048w\" sizes=\"(max-width: 767px) 89vw, (max-width: 1000px) 54vw, (max-width: 1071px) 543px, 580px\" \/><\/figure>\n","protected":false},"excerpt":{"rendered":"<p>Es la primera Ola de Luz en la capital del Ecuador, fue un hito hist\u00f3rico, en Quito &#8211; Ecuador. Agradecemos a todas las autoridades, organizaciones y publico por compartir juntos ese d\u00eda. Poder visibilizar y difundir de manera responsable esta problem\u00e1tica y realidad que afecta a nivel mundial es nuestro objetivo. Como Fundaci\u00f3n estamos comprometidos &hellip; <\/p>\n<p class=\"link-more\"><a href=\"https:\/\/fundacionicolas.org\/?page_id=335\" class=\"more-link\">Continuar leyendo<span class=\"screen-reader-text\"> \u00abOla de Luz 2023\u00bb<\/span><\/a><\/p>\n","protected":false},"author":1,"featured_media":348,"parent":334,"menu_order":0,"comment_status":"closed","ping_status":"closed","template":"","meta":{"om_disable_all_campaigns":false,"_monsterinsights_skip_tracking":false,"_monsterinsights_sitenote_active":false,"_monsterinsights_sitenote_note":"","_monsterinsights_sitenote_category":0,"footnotes":""},"aioseo_notices":[],"_links":{"self":[{"href":"https:\/\/fundacionicolas.org\/index.php?rest_route=\/wp\/v2\/pages\/335"}],"collection":[{"href":"https:\/\/fundacionicolas.org\/index.php?rest_route=\/wp\/v2\/pages"}],"about":[{"href":"https:\/\/fundacionicolas.org\/index.php?rest_route=\/wp\/v2\/types\/page"}],"author":[{"embeddable":true,"href":"https:\/\/fundacionicolas.org\/index.php?rest_route=\/wp\/v2\/users\/1"}],"replies":[{"embeddable":true,"href":"https:\/\/fundacionicolas.org\/index.php?rest_route=%2Fwp%2Fv2%2Fcomments&post=335"}],"version-history":[{"count":4,"href":"https:\/\/fundacionicolas.org\/index.php?rest_route=\/wp\/v2\/pages\/335\/revisions"}],"predecessor-version":[{"id":752,"href":"https:\/\/fundacionicolas.org\/index.php?rest_route=\/wp\/v2\/pages\/335\/revisions\/752"}],"up":[{"embeddable":true,"href":"https:\/\/fundacionicolas.org\/index.php?rest_route=\/wp\/v2\/pages\/334"}],"wp:featuredmedia":[{"embeddable":true,"href":"https:\/\/fundacionicolas.org\/index.php?rest_route=\/wp\/v2\/media\/348"}],"wp:attachment":[{"href":"https:\/\/fundacionicolas.org\/index.php?rest_route=%2Fwp%2Fv2%2Fmedia&parent=335"}],"curies":[{"name":"wp","href":"https:\/\/api.w.org\/{rel}","templated":true}]}}