{"id":613,"date":"2024-04-18T15:06:36","date_gmt":"2024-04-18T18:06:36","guid":{"rendered":"https:\/\/fundacionicolas.org\/?page_id=613"},"modified":"2024-06-18T16:30:50","modified_gmt":"2024-06-18T19:30:50","slug":"codigo-mariposa","status":"publish","type":"page","link":"https:\/\/fundacionicolas.org\/?page_id=613","title":{"rendered":"C\u00f3digo Mariposa"},"content":{"rendered":"\n<p><\/p>\n\n\n\n<div class=\"wp-block-media-text is-stacked-on-mobile\"><figure class=\"wp-block-media-text__media\"><img loading=\"lazy\" decoding=\"async\" width=\"768\" height=\"1024\" src=\"https:\/\/fundacionicolas.org\/wp-content\/uploads\/2024\/04\/Codigo-Mariposa-FN--768x1024.png\" alt=\"\" class=\"wp-image-614 size-full\" srcset=\"https:\/\/fundacionicolas.org\/wp-content\/uploads\/2024\/04\/Codigo-Mariposa-FN--768x1024.png 768w, https:\/\/fundacionicolas.org\/wp-content\/uploads\/2024\/04\/Codigo-Mariposa-FN--350x467.png 350w, https:\/\/fundacionicolas.org\/wp-content\/uploads\/2024\/04\/Codigo-Mariposa-FN--225x300.png 225w, https:\/\/fundacionicolas.org\/wp-content\/uploads\/2024\/04\/Codigo-Mariposa-FN--1152x1536.png 1152w, https:\/\/fundacionicolas.org\/wp-content\/uploads\/2024\/04\/Codigo-Mariposa-FN-.png 1500w\" sizes=\"(max-width: 767px) 89vw, (max-width: 1000px) 54vw, (max-width: 1071px) 543px, 580px\" \/><\/figure><div class=\"wp-block-media-text__content\">\n<p>Tener un espacio respetuoso y digno para poder despedir a tu beb\u00e9 deber\u00eda existir en todas las maternidades p\u00fablicas y privadas del pa\u00eds.<\/p>\n<\/div><\/div>\n\n\n\n<p>Es nuestro objetivo el poder capacitar al personal m\u00e9dico, personal administrativo, que recibe a cada madre y padre en el establecimiento de salud.<\/p>\n\n\n\n<p>Que sea una realidad en cada regi\u00f3n, en cada cuidad Que sea pronto, que sea digno. <\/p>\n","protected":false},"excerpt":{"rendered":"<p>Tener un espacio respetuoso y digno para poder despedir a tu beb\u00e9 deber\u00eda existir en todas las maternidades p\u00fablicas y privadas del pa\u00eds. Es nuestro objetivo el poder capacitar al personal m\u00e9dico, personal administrativo, que recibe a cada madre y padre en el establecimiento de salud. Que sea una realidad en cada regi\u00f3n, en cada &hellip; <\/p>\n<p class=\"link-more\"><a href=\"https:\/\/fundacionicolas.org\/?page_id=613\" class=\"more-link\">Continuar leyendo<span class=\"screen-reader-text\"> \u00abC\u00f3digo Mariposa\u00bb<\/span><\/a><\/p>\n","protected":false},"author":2,"featured_media":0,"parent":0,"menu_order":0,"comment_status":"closed","ping_status":"closed","template":"","meta":{"om_disable_all_campaigns":false,"_monsterinsights_skip_tracking":false,"_monsterinsights_sitenote_active":false,"_monsterinsights_sitenote_note":"","_monsterinsights_sitenote_category":0,"footnotes":""},"aioseo_notices":[],"_links":{"self":[{"href":"https:\/\/fundacionicolas.org\/index.php?rest_route=\/wp\/v2\/pages\/613"}],"collection":[{"href":"https:\/\/fundacionicolas.org\/index.php?rest_route=\/wp\/v2\/pages"}],"about":[{"href":"https:\/\/fundacionicolas.org\/index.php?rest_route=\/wp\/v2\/types\/page"}],"author":[{"embeddable":true,"href":"https:\/\/fundacionicolas.org\/index.php?rest_route=\/wp\/v2\/users\/2"}],"replies":[{"embeddable":true,"href":"https:\/\/fundacionicolas.org\/index.php?rest_route=%2Fwp%2Fv2%2Fcomments&post=613"}],"version-history":[{"count":4,"href":"https:\/\/fundacionicolas.org\/index.php?rest_route=\/wp\/v2\/pages\/613\/revisions"}],"predecessor-version":[{"id":727,"href":"https:\/\/fundacionicolas.org\/index.php?rest_route=\/wp\/v2\/pages\/613\/revisions\/727"}],"wp:attachment":[{"href":"https:\/\/fundacionicolas.org\/index.php?rest_route=%2Fwp%2Fv2%2Fmedia&parent=613"}],"curies":[{"name":"wp","href":"https:\/\/api.w.org\/{rel}","templated":true}]}}