{"id":625,"date":"2024-04-23T14:14:53","date_gmt":"2024-04-23T17:14:53","guid":{"rendered":"https:\/\/fundacionicolas.org\/?page_id=625"},"modified":"2024-06-18T18:01:06","modified_gmt":"2024-06-18T21:01:06","slug":"clinica-de-la-mujer","status":"publish","type":"page","link":"https:\/\/fundacionicolas.org\/?page_id=625","title":{"rendered":"Clinica de la Mujer"},"content":{"rendered":"\n<p>Poder tener empat\u00eda en momentos de dolor es uno de los objetivos en com\u00fan que tenemos junto a Cl\u00ednica de la Mujer. Siendo la primera cl\u00ednica privada del pa\u00eds que cuenta con este acompa\u00f1amiento en momentos dolorosos como lo es la partida de un beb\u00e9. <\/p>\n\n\n\n<p><\/p>\n\n\n\n<div class=\"wp-block-media-text is-stacked-on-mobile\"><figure class=\"wp-block-media-text__media\"><img loading=\"lazy\" decoding=\"async\" width=\"768\" height=\"1024\" src=\"https:\/\/fundacionicolas.org\/wp-content\/uploads\/2024\/04\/WhatsApp-Image-2024-03-28-at-20.37.12-768x1024.jpeg\" alt=\"\" class=\"wp-image-629 size-full\" srcset=\"https:\/\/fundacionicolas.org\/wp-content\/uploads\/2024\/04\/WhatsApp-Image-2024-03-28-at-20.37.12-768x1024.jpeg 768w, https:\/\/fundacionicolas.org\/wp-content\/uploads\/2024\/04\/WhatsApp-Image-2024-03-28-at-20.37.12-350x467.jpeg 350w, https:\/\/fundacionicolas.org\/wp-content\/uploads\/2024\/04\/WhatsApp-Image-2024-03-28-at-20.37.12-225x300.jpeg 225w, https:\/\/fundacionicolas.org\/wp-content\/uploads\/2024\/04\/WhatsApp-Image-2024-03-28-at-20.37.12.jpeg 960w\" sizes=\"(max-width: 767px) 89vw, (max-width: 1000px) 54vw, (max-width: 1071px) 543px, 580px\" \/><\/figure><div class=\"wp-block-media-text__content\">\n<p>Contar con un trato digno y respetuoso es el objetivo en tan prestigiosa Cl\u00ednica, y juntos lo estamos logrando. <\/p>\n<\/div><\/div>\n\n\n\n<div class=\"wp-block-media-text has-media-on-the-right is-stacked-on-mobile is-vertically-aligned-center\"><div class=\"wp-block-media-text__content\">\n<p>La presidenta de la Fundaci\u00f3n Nicol\u00e1s Estefania Erazo junto al socio mayoritario el Dr. Carrillo, firmando el convenio interinstitucional con el fin de apoyar y acompa\u00f1ar correctamente a padres y familiares en esta dura realidad. <\/p>\n\n\n\n<p><\/p>\n<\/div><figure class=\"wp-block-media-text__media\"><img loading=\"lazy\" decoding=\"async\" width=\"768\" height=\"1024\" src=\"https:\/\/fundacionicolas.org\/wp-content\/uploads\/2024\/04\/WhatsApp-Image-2024-03-28-at-20.37.13-1-768x1024.jpeg\" alt=\"\" class=\"wp-image-630 size-full\" srcset=\"https:\/\/fundacionicolas.org\/wp-content\/uploads\/2024\/04\/WhatsApp-Image-2024-03-28-at-20.37.13-1-768x1024.jpeg 768w, https:\/\/fundacionicolas.org\/wp-content\/uploads\/2024\/04\/WhatsApp-Image-2024-03-28-at-20.37.13-1-350x467.jpeg 350w, https:\/\/fundacionicolas.org\/wp-content\/uploads\/2024\/04\/WhatsApp-Image-2024-03-28-at-20.37.13-1-225x300.jpeg 225w, https:\/\/fundacionicolas.org\/wp-content\/uploads\/2024\/04\/WhatsApp-Image-2024-03-28-at-20.37.13-1.jpeg 960w\" sizes=\"(max-width: 767px) 89vw, (max-width: 1000px) 54vw, (max-width: 1071px) 543px, 580px\" \/><\/figure><\/div>\n\n\n\n<figure class=\"wp-block-image size-large\"><img loading=\"lazy\" decoding=\"async\" width=\"576\" height=\"1024\" src=\"https:\/\/fundacionicolas.org\/wp-content\/uploads\/2024\/04\/fotos-todos--576x1024.jpg\" alt=\"\" class=\"wp-image-631\" srcset=\"https:\/\/fundacionicolas.org\/wp-content\/uploads\/2024\/04\/fotos-todos--576x1024.jpg 576w, https:\/\/fundacionicolas.org\/wp-content\/uploads\/2024\/04\/fotos-todos--350x623.jpg 350w, https:\/\/fundacionicolas.org\/wp-content\/uploads\/2024\/04\/fotos-todos--169x300.jpg 169w, https:\/\/fundacionicolas.org\/wp-content\/uploads\/2024\/04\/fotos-todos--768x1366.jpg 768w, https:\/\/fundacionicolas.org\/wp-content\/uploads\/2024\/04\/fotos-todos--864x1536.jpg 864w, https:\/\/fundacionicolas.org\/wp-content\/uploads\/2024\/04\/fotos-todos-.jpg 899w\" sizes=\"(max-width: 576px) 100vw, 576px\" \/><\/figure>\n\n\n\n<p>Con el compromiso de todos y todas  lo lograremos. <\/p>\n\n\n\n<figure class=\"wp-block-image size-large\"><img loading=\"lazy\" decoding=\"async\" width=\"768\" height=\"1024\" src=\"https:\/\/fundacionicolas.org\/wp-content\/uploads\/2024\/04\/WhatsApp-Image-2024-03-28-at-20.37.14-1-768x1024.jpeg\" alt=\"\" class=\"wp-image-632\" srcset=\"https:\/\/fundacionicolas.org\/wp-content\/uploads\/2024\/04\/WhatsApp-Image-2024-03-28-at-20.37.14-1-768x1024.jpeg 768w, https:\/\/fundacionicolas.org\/wp-content\/uploads\/2024\/04\/WhatsApp-Image-2024-03-28-at-20.37.14-1-350x467.jpeg 350w, https:\/\/fundacionicolas.org\/wp-content\/uploads\/2024\/04\/WhatsApp-Image-2024-03-28-at-20.37.14-1-225x300.jpeg 225w, https:\/\/fundacionicolas.org\/wp-content\/uploads\/2024\/04\/WhatsApp-Image-2024-03-28-at-20.37.14-1.jpeg 960w\" sizes=\"(max-width: 767px) 89vw, (max-width: 1000px) 54vw, (max-width: 1071px) 543px, 580px\" \/><\/figure>\n","protected":false},"excerpt":{"rendered":"<p>Poder tener empat\u00eda en momentos de dolor es uno de los objetivos en com\u00fan que tenemos junto a Cl\u00ednica de la Mujer. Siendo la primera cl\u00ednica privada del pa\u00eds que cuenta con este acompa\u00f1amiento en momentos dolorosos como lo es la partida de un beb\u00e9. Contar con un trato digno y respetuoso es el objetivo &hellip; <\/p>\n<p class=\"link-more\"><a href=\"https:\/\/fundacionicolas.org\/?page_id=625\" class=\"more-link\">Continuar leyendo<span class=\"screen-reader-text\"> \u00abClinica de la Mujer\u00bb<\/span><\/a><\/p>\n","protected":false},"author":2,"featured_media":757,"parent":0,"menu_order":0,"comment_status":"closed","ping_status":"closed","template":"","meta":{"om_disable_all_campaigns":false,"_monsterinsights_skip_tracking":false,"_monsterinsights_sitenote_active":false,"_monsterinsights_sitenote_note":"","_monsterinsights_sitenote_category":0,"footnotes":""},"aioseo_notices":[],"_links":{"self":[{"href":"https:\/\/fundacionicolas.org\/index.php?rest_route=\/wp\/v2\/pages\/625"}],"collection":[{"href":"https:\/\/fundacionicolas.org\/index.php?rest_route=\/wp\/v2\/pages"}],"about":[{"href":"https:\/\/fundacionicolas.org\/index.php?rest_route=\/wp\/v2\/types\/page"}],"author":[{"embeddable":true,"href":"https:\/\/fundacionicolas.org\/index.php?rest_route=\/wp\/v2\/users\/2"}],"replies":[{"embeddable":true,"href":"https:\/\/fundacionicolas.org\/index.php?rest_route=%2Fwp%2Fv2%2Fcomments&post=625"}],"version-history":[{"count":3,"href":"https:\/\/fundacionicolas.org\/index.php?rest_route=\/wp\/v2\/pages\/625\/revisions"}],"predecessor-version":[{"id":759,"href":"https:\/\/fundacionicolas.org\/index.php?rest_route=\/wp\/v2\/pages\/625\/revisions\/759"}],"wp:featuredmedia":[{"embeddable":true,"href":"https:\/\/fundacionicolas.org\/index.php?rest_route=\/wp\/v2\/media\/757"}],"wp:attachment":[{"href":"https:\/\/fundacionicolas.org\/index.php?rest_route=%2Fwp%2Fv2%2Fmedia&parent=625"}],"curies":[{"name":"wp","href":"https:\/\/api.w.org\/{rel}","templated":true}]}}