{"id":74,"date":"2023-04-15T10:45:19","date_gmt":"2023-04-15T13:45:19","guid":{"rendered":"https:\/\/fundacionicolas.org\/?page_id=74"},"modified":"2024-06-18T16:33:33","modified_gmt":"2024-06-18T19:33:33","slug":"como-te-ayudamos-2","status":"publish","type":"page","link":"https:\/\/fundacionicolas.org\/?page_id=74","title":{"rendered":"C\u00f3mo te ayudamos"},"content":{"rendered":"\n<div class=\"wp-block-media-text alignwide is-stacked-on-mobile\"><figure class=\"wp-block-media-text__media\"><a href=\"https:\/\/fundacionicolas.org\/?page_id=24\"><img decoding=\"async\" src=\"https:\/\/fundacionicolas.files.wordpress.com\/2023\/04\/pexels-dominika-roseclay-1179079-3023609014-e1681499140781.jpg?w=940\" alt=\"\" class=\"wp-image-280 size-full\"\/><\/a><\/figure><div class=\"wp-block-media-text__content\">\n<h2 class=\"wp-block-heading\"><a href=\"https:\/\/fundacionicolas.org\/?page_id=24\">Caja de memoria<\/a><\/h2>\n\n\n\n<p>Se trata de una caja que se entrega a los padres que han experimentado la p\u00e9rdida de un beb\u00e9, con el prop\u00f3sito de que puedan guardar en ella objetos y recuerdos relacionados con su hijo, y as\u00ed utilizarla como una herramienta de apoyo para afrontar el proceso de despedida y duelo.<\/p>\n<\/div><\/div>\n\n\n\n<div class=\"wp-block-media-text alignwide is-stacked-on-mobile\"><figure class=\"wp-block-media-text__media\"><a href=\"https:\/\/fundacionicolas.org\/?page_id=25\"><img decoding=\"async\" src=\"https:\/\/fundacionicolas.files.wordpress.com\/2023\/04\/pexels-mikhail-nilov-7731402.jpg?w=1024\" alt=\"\" class=\"wp-image-283 size-full\"\/><\/a><\/figure><div class=\"wp-block-media-text__content\">\n<h2 class=\"wp-block-heading\"><a href=\"https:\/\/fundacionicolas.org\/?page_id=25\">Asesor\u00eda Legal<\/a><\/h2>\n\n\n\n<p>Si tienes preguntas, dudas, est\u00e1s en el lugar correcto.<\/p>\n<\/div><\/div>\n\n\n\n<div class=\"wp-block-media-text alignwide is-stacked-on-mobile\"><figure class=\"wp-block-media-text__media\"><img decoding=\"async\" src=\"https:\/\/fundacionicolas.files.wordpress.com\/2023\/04\/pexels-son-bom-1773113.jpg?w=1024\" alt=\"\" class=\"wp-image-285 size-full\"\/><\/figure><div class=\"wp-block-media-text__content\">\n<h2 class=\"wp-block-heading\"><a href=\"https:\/\/fundacionicolas.org\/?page_id=26\">Acompa\u00f1amiento en el duelo<\/a><\/h2>\n\n\n\n<p>Nos alegra tenerte cerca. No estar\u00e1s solo en este proceso.<\/p>\n\n\n\n<p>Aqu\u00ed encontrar\u00e1s una comunidad de apoyo, comprensi\u00f3n y amistad.<\/p>\n<\/div><\/div>\n","protected":false},"excerpt":{"rendered":"<p>Caja de memoria Se trata de una caja que se entrega a los padres que han experimentado la p\u00e9rdida de un beb\u00e9, con el prop\u00f3sito de que puedan guardar en ella objetos y recuerdos relacionados con su hijo, y as\u00ed utilizarla como una herramienta de apoyo para afrontar el proceso de despedida y duelo. Asesor\u00eda &hellip; <\/p>\n<p class=\"link-more\"><a href=\"https:\/\/fundacionicolas.org\/?page_id=74\" class=\"more-link\">Continuar leyendo<span class=\"screen-reader-text\"> \u00abC\u00f3mo te ayudamos\u00bb<\/span><\/a><\/p>\n","protected":false},"author":2,"featured_media":0,"parent":0,"menu_order":0,"comment_status":"closed","ping_status":"closed","template":"","meta":{"om_disable_all_campaigns":false,"_monsterinsights_skip_tracking":false,"_monsterinsights_sitenote_active":false,"_monsterinsights_sitenote_note":"","_monsterinsights_sitenote_category":0,"footnotes":""},"aioseo_notices":[],"_links":{"self":[{"href":"https:\/\/fundacionicolas.org\/index.php?rest_route=\/wp\/v2\/pages\/74"}],"collection":[{"href":"https:\/\/fundacionicolas.org\/index.php?rest_route=\/wp\/v2\/pages"}],"about":[{"href":"https:\/\/fundacionicolas.org\/index.php?rest_route=\/wp\/v2\/types\/page"}],"author":[{"embeddable":true,"href":"https:\/\/fundacionicolas.org\/index.php?rest_route=\/wp\/v2\/users\/2"}],"replies":[{"embeddable":true,"href":"https:\/\/fundacionicolas.org\/index.php?rest_route=%2Fwp%2Fv2%2Fcomments&post=74"}],"version-history":[{"count":8,"href":"https:\/\/fundacionicolas.org\/index.php?rest_route=\/wp\/v2\/pages\/74\/revisions"}],"predecessor-version":[{"id":738,"href":"https:\/\/fundacionicolas.org\/index.php?rest_route=\/wp\/v2\/pages\/74\/revisions\/738"}],"wp:attachment":[{"href":"https:\/\/fundacionicolas.org\/index.php?rest_route=%2Fwp%2Fv2%2Fmedia&parent=74"}],"curies":[{"name":"wp","href":"https:\/\/api.w.org\/{rel}","templated":true}]}}